{"id":496,"date":"2016-07-19T17:00:30","date_gmt":"2016-07-19T15:00:30","guid":{"rendered":"https:\/\/mascar.it\/de\/company\/"},"modified":"2019-03-05T17:28:23","modified_gmt":"2019-03-05T16:28:23","slug":"unternehmen","status":"publish","type":"page","link":"https:\/\/mascar.it\/de\/unternehmen\/","title":{"rendered":"Unternehmen"},"content":{"rendered":"<blockquote><p>Ich habe mit einer gro\u00dfen Leidenschaft im Bereich der landwirtschaftlichen Maschinen immer gearbeitet, und ich habe in vielen Jahren und in vielen L\u00e4ndern gelernt, dass, wenn jemand richtig, auf industrielle Weise und f\u00fcr die Zufriedenheit des Endkunden produziert, wird er immer erfolgreich in der Mechanisierung der Landwirtschaft sein. Dies ist, was ich meine S\u00f6hne und meine Mitarbeiter unterrichtet.<\/p>\n<p><span style=\"color: #000000;\"><b>Antonio Maschio<\/b><\/span><br \/>\nGr\u00fcnder von Mascar S.p.a.<\/p><\/blockquote>\n<p style=\"text-align: left;\">In unseren zwei Fabriken, die wenige Meter ein voneinander entfernt, produzieren wir, auf einer totalen Oberfl\u00e4che von 27,000 m2, die 95% unserer Ausr\u00fcstung, an die eine hohe Qualit\u00e4tskontrolle \u00fcber alle Teile der Maschine gew\u00e4hrt wird. Die interne Montage, Laserschnitt, Biege- und Schwei\u00dfwerkzeuge, Lackierungsraume und Ersatzteilen Automatisierten Lagern machen unser Produkt vertrauensw\u00fcrdig und der Reduzierte Lieferungszeit macht unserer Kunden sehr zufrieden. Unser Technikteam studiert t\u00e4glich wie man die Feldleistungen unserer Produkte steigern kann; sie pr\u00fcfen die letzte bekannte Technologie, die Umweltwirkung als auch Zeitensparen zu erreichen. Zur gegenw\u00e4rtigen Zeit exportiert unsere Gesellschaft 80% ihres Umsatzes in mehr als 35 ausl\u00e4ndischen L\u00e4ndern.<\/p>\n<p>&nbsp;<\/p>\n<hr \/>\n<p>&nbsp;<\/p>\n<p style=\"text-align: left;\">Unsere Ziele sind einfach und kl\u00e4rt auf:<\/p>\n<p>&#8211; Optimierung von Qualit\u00e4ts &#8211; Preis;<br \/>\n&#8211; Produkten mit gro\u00dfe Entwicklung, \u00c4quivalent an Zuverl\u00e4ssigkeit;<br \/>\n&#8211; Pflege und Aufmerksamkeit auf den Kunden mit einem effizienten After Sales und technischer Dienst.<\/p>\n<p>&nbsp;<\/p>\n<p style=\"text-align: center;\"><strong>Daf\u00fcr, k\u00f6nnen wir best\u00e4tigen: <\/strong><\/p>\n<p>&nbsp;<\/p>\n<h2 style=\"text-align: center;\"><strong>&#8222;Nichts Gro\u00dfes in der Welt geschieht ohne Leidenschaft\u201d<\/strong><\/h2>\n","protected":false},"excerpt":{"rendered":"<p>Ich habe mit einer gro\u00dfen Leidenschaft im Bereich der landwirtschaftlichen Maschinen immer gearbeitet, und ich habe in vielen Jahren und in vielen L\u00e4ndern gelernt, dass, wenn jemand richtig, auf industrielle Weise und f\u00fcr die Zufriedenheit des Endkunden produziert, wird er immer erfolgreich in der Mechanisierung der Landwirtschaft sein. Dies ist, was ich meine S\u00f6hne und [&hellip;]<\/p>\n","protected":false},"author":3,"featured_media":0,"parent":0,"menu_order":80,"comment_status":"closed","ping_status":"closed","template":"","meta":{"_acf_changed":false,"footnotes":""},"acf":[],"yoast_head":"<!-- This site is optimized with the Yoast SEO plugin v24.2 - https:\/\/yoast.com\/wordpress\/plugins\/seo\/ -->\n<title>Unternehmen - Wir entwickeln und produzieren Maschinen f\u00fcr die Hey und die Aussaat - Mascar<\/title>\n<meta name=\"description\" content=\"Wir entwickeln und produzieren Maschinen f\u00fcr die Hey und die Aussaat. Entdecken Sie unsere Produkte oder kontaktieren Sie uns!\" \/>\n<meta name=\"robots\" content=\"index, follow, max-snippet:-1, max-image-preview:large, max-video-preview:-1\" \/>\n<link rel=\"canonical\" href=\"https:\/\/mascar.it\/company\/\" \/>\n<meta property=\"og:locale\" content=\"de_DE\" \/>\n<meta property=\"og:type\" content=\"article\" \/>\n<meta property=\"og:title\" content=\"Unternehmen - Wir entwickeln und produzieren Maschinen f\u00fcr die Hey und die Aussaat - Mascar\" \/>\n<meta property=\"og:description\" content=\"Wir entwickeln und produzieren Maschinen f\u00fcr die Hey und die Aussaat. Entdecken Sie unsere Produkte oder kontaktieren Sie uns!\" \/>\n<meta property=\"og:url\" content=\"https:\/\/mascar.it\/company\/\" \/>\n<meta property=\"og:site_name\" content=\"Mascar\" \/>\n<meta property=\"article:modified_time\" content=\"2019-03-05T16:28:23+00:00\" \/>\n<meta name=\"twitter:card\" content=\"summary_large_image\" \/>\n<meta name=\"twitter:label1\" content=\"Gesch\u00e4tzte Lesezeit\" \/>\n\t<meta name=\"twitter:data1\" content=\"1\u00a0Minute\" \/>\n<script type=\"application\/ld+json\" class=\"yoast-schema-graph\">{\"@context\":\"https:\/\/schema.org\",\"@graph\":[{\"@type\":\"WebPage\",\"@id\":\"https:\/\/mascar.it\/company\/\",\"url\":\"https:\/\/mascar.it\/company\/\",\"name\":\"Unternehmen - Wir entwickeln und produzieren Maschinen f\u00fcr die Hey und die Aussaat - Mascar\",\"isPartOf\":{\"@id\":\"https:\/\/mascar.it\/#website\"},\"datePublished\":\"2016-07-19T15:00:30+00:00\",\"dateModified\":\"2019-03-05T16:28:23+00:00\",\"description\":\"Wir entwickeln und produzieren Maschinen f\u00fcr die Hey und die Aussaat. Entdecken Sie unsere Produkte oder kontaktieren Sie uns!\",\"breadcrumb\":{\"@id\":\"https:\/\/mascar.it\/company\/#breadcrumb\"},\"inLanguage\":\"de\",\"potentialAction\":[{\"@type\":\"ReadAction\",\"target\":[\"https:\/\/mascar.it\/company\/\"]}]},{\"@type\":\"BreadcrumbList\",\"@id\":\"https:\/\/mascar.it\/company\/#breadcrumb\",\"itemListElement\":[{\"@type\":\"ListItem\",\"position\":1,\"name\":\"Home\",\"item\":\"https:\/\/mascar.it\/de\/\"},{\"@type\":\"ListItem\",\"position\":2,\"name\":\"Unternehmen\"}]},{\"@type\":\"WebSite\",\"@id\":\"https:\/\/mascar.it\/#website\",\"url\":\"https:\/\/mascar.it\/\",\"name\":\"Mascar\",\"description\":\"manufacturer of agricultural machines\",\"potentialAction\":[{\"@type\":\"SearchAction\",\"target\":{\"@type\":\"EntryPoint\",\"urlTemplate\":\"https:\/\/mascar.it\/?s={search_term_string}\"},\"query-input\":{\"@type\":\"PropertyValueSpecification\",\"valueRequired\":true,\"valueName\":\"search_term_string\"}}],\"inLanguage\":\"de\"}]}<\/script>\n<!-- \/ Yoast SEO plugin. -->","yoast_head_json":{"title":"Unternehmen - Wir entwickeln und produzieren Maschinen f\u00fcr die Hey und die Aussaat - Mascar","description":"Wir entwickeln und produzieren Maschinen f\u00fcr die Hey und die Aussaat. Entdecken Sie unsere Produkte oder kontaktieren Sie uns!","robots":{"index":"index","follow":"follow","max-snippet":"max-snippet:-1","max-image-preview":"max-image-preview:large","max-video-preview":"max-video-preview:-1"},"canonical":"https:\/\/mascar.it\/company\/","og_locale":"de_DE","og_type":"article","og_title":"Unternehmen - Wir entwickeln und produzieren Maschinen f\u00fcr die Hey und die Aussaat - Mascar","og_description":"Wir entwickeln und produzieren Maschinen f\u00fcr die Hey und die Aussaat. Entdecken Sie unsere Produkte oder kontaktieren Sie uns!","og_url":"https:\/\/mascar.it\/company\/","og_site_name":"Mascar","article_modified_time":"2019-03-05T16:28:23+00:00","twitter_card":"summary_large_image","twitter_misc":{"Gesch\u00e4tzte Lesezeit":"1\u00a0Minute"},"schema":{"@context":"https:\/\/schema.org","@graph":[{"@type":"WebPage","@id":"https:\/\/mascar.it\/company\/","url":"https:\/\/mascar.it\/company\/","name":"Unternehmen - Wir entwickeln und produzieren Maschinen f\u00fcr die Hey und die Aussaat - Mascar","isPartOf":{"@id":"https:\/\/mascar.it\/#website"},"datePublished":"2016-07-19T15:00:30+00:00","dateModified":"2019-03-05T16:28:23+00:00","description":"Wir entwickeln und produzieren Maschinen f\u00fcr die Hey und die Aussaat. Entdecken Sie unsere Produkte oder kontaktieren Sie uns!","breadcrumb":{"@id":"https:\/\/mascar.it\/company\/#breadcrumb"},"inLanguage":"de","potentialAction":[{"@type":"ReadAction","target":["https:\/\/mascar.it\/company\/"]}]},{"@type":"BreadcrumbList","@id":"https:\/\/mascar.it\/company\/#breadcrumb","itemListElement":[{"@type":"ListItem","position":1,"name":"Home","item":"https:\/\/mascar.it\/de\/"},{"@type":"ListItem","position":2,"name":"Unternehmen"}]},{"@type":"WebSite","@id":"https:\/\/mascar.it\/#website","url":"https:\/\/mascar.it\/","name":"Mascar","description":"manufacturer of agricultural machines","potentialAction":[{"@type":"SearchAction","target":{"@type":"EntryPoint","urlTemplate":"https:\/\/mascar.it\/?s={search_term_string}"},"query-input":{"@type":"PropertyValueSpecification","valueRequired":true,"valueName":"search_term_string"}}],"inLanguage":"de"}]}},"_links":{"self":[{"href":"https:\/\/mascar.it\/de\/wp-json\/wp\/v2\/pages\/496"}],"collection":[{"href":"https:\/\/mascar.it\/de\/wp-json\/wp\/v2\/pages"}],"about":[{"href":"https:\/\/mascar.it\/de\/wp-json\/wp\/v2\/types\/page"}],"author":[{"embeddable":true,"href":"https:\/\/mascar.it\/de\/wp-json\/wp\/v2\/users\/3"}],"replies":[{"embeddable":true,"href":"https:\/\/mascar.it\/de\/wp-json\/wp\/v2\/comments?post=496"}],"version-history":[{"count":15,"href":"https:\/\/mascar.it\/de\/wp-json\/wp\/v2\/pages\/496\/revisions"}],"predecessor-version":[{"id":13865,"href":"https:\/\/mascar.it\/de\/wp-json\/wp\/v2\/pages\/496\/revisions\/13865"}],"wp:attachment":[{"href":"https:\/\/mascar.it\/de\/wp-json\/wp\/v2\/media?parent=496"}],"curies":[{"name":"wp","href":"https:\/\/api.w.org\/{rel}","templated":true}]}}