{"id":2825,"date":"2016-07-19T17:00:30","date_gmt":"2016-07-19T15:00:30","guid":{"rendered":"https:\/\/mascar.it\/es\/azienda\/"},"modified":"2019-03-05T17:27:22","modified_gmt":"2019-03-05T16:27:22","slug":"empresa","status":"publish","type":"page","link":"https:\/\/mascar.it\/es\/empresa\/","title":{"rendered":"Empresa"},"content":{"rendered":"<blockquote><p>He trabajado desde siempre con pasi\u00f3n en la producci\u00f3n de maquinaria agr\u00edcola: hemos aprendido durante tantos a\u00f1os y en todo el mundo que, produciendo bien, de manera industrial y para la total satisfacci\u00f3n del cliente final, siempre se tendr\u00e1 \u00e9xito en la mecanizaci\u00f3n agricola. As\u00ed que ense\u00f1\u00e9 a mis hijos y mis colaboradores<\/p>\n<p><span style=\"color: #000000;\"><b>Antonio Maschio<\/b><\/span><br \/>\nFundador de Mascar S.p.a.<\/p><\/blockquote>\n<p style=\"text-align: left;\">En nuestras dos f\u00e1bricas, que se encuentran a pocos metros una de la otra, en una superficie total de 27.000 metros cuadrados, producimos el 95% de nuestras m\u00e1quinas garantizando un elevado control de calidad en todas las partes de la m\u00e1quina: el montaje, el corte por l\u00e1ser, el plegado y las herramientas de soldadura, la estaci\u00f3n de pintura y la automatizaci\u00f3n del almac\u00e9n de repuestos, renden nuestro producto confiable y reducen nuestro tiempo de reaci\u00f3n para una gran satisfacci\u00f3n de nuestros clientes. Nuestro equipo de ingenieros sigue siempre estudiando c\u00f3mo aumentar el rendimiento en campo de nuestros productos, mirando a la \u00faltima tecnolog\u00eda tanto en cuanto el impacto ambiental as\u00ec como el ahorro del tiempo.<br \/>\nActualmente nuestra empresa exporta el 80% de su facturaci\u00f3n en m\u00e1s de 35 pa\u00edses extranjeros.<\/p>\n<p>&nbsp;<\/p>\n<hr \/>\n<p>&nbsp;<\/p>\n<p style=\"text-align: left;\">Nuestros objetivos son simples y claros:<br \/>\n&#8211; Maximizaci\u00f3n de la relaci\u00f3n calidad-precio;<br \/>\n&#8211; Producto de gran desarrollo, equivalencia de fiabilidad;<br \/>\n&#8211; Cuidado y atenci\u00f3n al cliente con su post venta eficiente y su servicio t\u00e9cnico<\/p>\n<p>&nbsp;<\/p>\n<p style=\"text-align: center;\"><strong>Teniendo en cuenta todo lo anterior, podemos confirmar con seguridad que:<\/strong><\/p>\n<p>&nbsp;<\/p>\n<h2 style=\"text-align: center;\"><strong>\u00abNada grande en el mundo se ha hecho sin pasi\u00f3n\u00bb<\/strong><\/h2>\n","protected":false},"excerpt":{"rendered":"<p>He trabajado desde siempre con pasi\u00f3n en la producci\u00f3n de maquinaria agr\u00edcola: hemos aprendido durante tantos a\u00f1os y en todo el mundo que, produciendo bien, de manera industrial y para la total satisfacci\u00f3n del cliente final, siempre se tendr\u00e1 \u00e9xito en la mecanizaci\u00f3n agricola. As\u00ed que ense\u00f1\u00e9 a mis hijos y mis colaboradores Antonio Maschio [&hellip;]<\/p>\n","protected":false},"author":3,"featured_media":0,"parent":0,"menu_order":82,"comment_status":"closed","ping_status":"closed","template":"","meta":{"_acf_changed":false,"footnotes":""},"acf":[],"yoast_head":"<!-- This site is optimized with the Yoast SEO plugin v24.2 - https:\/\/yoast.com\/wordpress\/plugins\/seo\/ -->\n<title>Empresa - m\u00e1quinarias agr\u00edcolas para Henificaci\u00f3n y siembra - Mascar<\/title>\n<meta name=\"description\" content=\"Dise\u00f1o y fabricaci\u00f3n de m\u00e1quinarias agr\u00edcolas para Henificaci\u00f3n y siembra. Descubre nuestros productos o p\u00f3ngase en contacto con nosotros!\" \/>\n<meta name=\"robots\" content=\"index, follow, max-snippet:-1, max-image-preview:large, max-video-preview:-1\" \/>\n<link rel=\"canonical\" href=\"https:\/\/mascar.it\/es\/empresa\/\" \/>\n<meta property=\"og:locale\" content=\"es_ES\" \/>\n<meta property=\"og:type\" content=\"article\" \/>\n<meta property=\"og:title\" content=\"Empresa - m\u00e1quinarias agr\u00edcolas para Henificaci\u00f3n y siembra - Mascar\" \/>\n<meta property=\"og:description\" content=\"Dise\u00f1o y fabricaci\u00f3n de m\u00e1quinarias agr\u00edcolas para Henificaci\u00f3n y siembra. Descubre nuestros productos o p\u00f3ngase en contacto con nosotros!\" \/>\n<meta property=\"og:url\" content=\"https:\/\/mascar.it\/es\/empresa\/\" \/>\n<meta property=\"og:site_name\" content=\"Mascar\" \/>\n<meta property=\"article:modified_time\" content=\"2019-03-05T16:27:22+00:00\" \/>\n<meta name=\"twitter:card\" content=\"summary_large_image\" \/>\n<meta name=\"twitter:label1\" content=\"Tiempo de lectura\" \/>\n\t<meta name=\"twitter:data1\" content=\"1 minuto\" \/>\n<script type=\"application\/ld+json\" class=\"yoast-schema-graph\">{\"@context\":\"https:\/\/schema.org\",\"@graph\":[{\"@type\":\"WebPage\",\"@id\":\"https:\/\/mascar.it\/es\/empresa\/\",\"url\":\"https:\/\/mascar.it\/es\/empresa\/\",\"name\":\"Empresa - m\u00e1quinarias agr\u00edcolas para Henificaci\u00f3n y siembra - Mascar\",\"isPartOf\":{\"@id\":\"https:\/\/mascar.it\/#website\"},\"datePublished\":\"2016-07-19T15:00:30+00:00\",\"dateModified\":\"2019-03-05T16:27:22+00:00\",\"description\":\"Dise\u00f1o y fabricaci\u00f3n de m\u00e1quinarias agr\u00edcolas para Henificaci\u00f3n y siembra. Descubre nuestros productos o p\u00f3ngase en contacto con nosotros!\",\"breadcrumb\":{\"@id\":\"https:\/\/mascar.it\/es\/empresa\/#breadcrumb\"},\"inLanguage\":\"es\",\"potentialAction\":[{\"@type\":\"ReadAction\",\"target\":[\"https:\/\/mascar.it\/es\/empresa\/\"]}]},{\"@type\":\"BreadcrumbList\",\"@id\":\"https:\/\/mascar.it\/es\/empresa\/#breadcrumb\",\"itemListElement\":[{\"@type\":\"ListItem\",\"position\":1,\"name\":\"Home\",\"item\":\"https:\/\/mascar.it\/es\/\"},{\"@type\":\"ListItem\",\"position\":2,\"name\":\"Empresa\"}]},{\"@type\":\"WebSite\",\"@id\":\"https:\/\/mascar.it\/#website\",\"url\":\"https:\/\/mascar.it\/\",\"name\":\"Mascar\",\"description\":\"manufacturer of agricultural machines\",\"potentialAction\":[{\"@type\":\"SearchAction\",\"target\":{\"@type\":\"EntryPoint\",\"urlTemplate\":\"https:\/\/mascar.it\/?s={search_term_string}\"},\"query-input\":{\"@type\":\"PropertyValueSpecification\",\"valueRequired\":true,\"valueName\":\"search_term_string\"}}],\"inLanguage\":\"es\"}]}<\/script>\n<!-- \/ Yoast SEO plugin. -->","yoast_head_json":{"title":"Empresa - m\u00e1quinarias agr\u00edcolas para Henificaci\u00f3n y siembra - Mascar","description":"Dise\u00f1o y fabricaci\u00f3n de m\u00e1quinarias agr\u00edcolas para Henificaci\u00f3n y siembra. Descubre nuestros productos o p\u00f3ngase en contacto con nosotros!","robots":{"index":"index","follow":"follow","max-snippet":"max-snippet:-1","max-image-preview":"max-image-preview:large","max-video-preview":"max-video-preview:-1"},"canonical":"https:\/\/mascar.it\/es\/empresa\/","og_locale":"es_ES","og_type":"article","og_title":"Empresa - m\u00e1quinarias agr\u00edcolas para Henificaci\u00f3n y siembra - Mascar","og_description":"Dise\u00f1o y fabricaci\u00f3n de m\u00e1quinarias agr\u00edcolas para Henificaci\u00f3n y siembra. Descubre nuestros productos o p\u00f3ngase en contacto con nosotros!","og_url":"https:\/\/mascar.it\/es\/empresa\/","og_site_name":"Mascar","article_modified_time":"2019-03-05T16:27:22+00:00","twitter_card":"summary_large_image","twitter_misc":{"Tiempo de lectura":"1 minuto"},"schema":{"@context":"https:\/\/schema.org","@graph":[{"@type":"WebPage","@id":"https:\/\/mascar.it\/es\/empresa\/","url":"https:\/\/mascar.it\/es\/empresa\/","name":"Empresa - m\u00e1quinarias agr\u00edcolas para Henificaci\u00f3n y siembra - Mascar","isPartOf":{"@id":"https:\/\/mascar.it\/#website"},"datePublished":"2016-07-19T15:00:30+00:00","dateModified":"2019-03-05T16:27:22+00:00","description":"Dise\u00f1o y fabricaci\u00f3n de m\u00e1quinarias agr\u00edcolas para Henificaci\u00f3n y siembra. Descubre nuestros productos o p\u00f3ngase en contacto con nosotros!","breadcrumb":{"@id":"https:\/\/mascar.it\/es\/empresa\/#breadcrumb"},"inLanguage":"es","potentialAction":[{"@type":"ReadAction","target":["https:\/\/mascar.it\/es\/empresa\/"]}]},{"@type":"BreadcrumbList","@id":"https:\/\/mascar.it\/es\/empresa\/#breadcrumb","itemListElement":[{"@type":"ListItem","position":1,"name":"Home","item":"https:\/\/mascar.it\/es\/"},{"@type":"ListItem","position":2,"name":"Empresa"}]},{"@type":"WebSite","@id":"https:\/\/mascar.it\/#website","url":"https:\/\/mascar.it\/","name":"Mascar","description":"manufacturer of agricultural machines","potentialAction":[{"@type":"SearchAction","target":{"@type":"EntryPoint","urlTemplate":"https:\/\/mascar.it\/?s={search_term_string}"},"query-input":{"@type":"PropertyValueSpecification","valueRequired":true,"valueName":"search_term_string"}}],"inLanguage":"es"}]}},"_links":{"self":[{"href":"https:\/\/mascar.it\/es\/wp-json\/wp\/v2\/pages\/2825"}],"collection":[{"href":"https:\/\/mascar.it\/es\/wp-json\/wp\/v2\/pages"}],"about":[{"href":"https:\/\/mascar.it\/es\/wp-json\/wp\/v2\/types\/page"}],"author":[{"embeddable":true,"href":"https:\/\/mascar.it\/es\/wp-json\/wp\/v2\/users\/3"}],"replies":[{"embeddable":true,"href":"https:\/\/mascar.it\/es\/wp-json\/wp\/v2\/comments?post=2825"}],"version-history":[{"count":14,"href":"https:\/\/mascar.it\/es\/wp-json\/wp\/v2\/pages\/2825\/revisions"}],"predecessor-version":[{"id":13863,"href":"https:\/\/mascar.it\/es\/wp-json\/wp\/v2\/pages\/2825\/revisions\/13863"}],"wp:attachment":[{"href":"https:\/\/mascar.it\/es\/wp-json\/wp\/v2\/media?parent=2825"}],"curies":[{"name":"wp","href":"https:\/\/api.w.org\/{rel}","templated":true}]}}