{"id":13969,"date":"2019-03-14T11:18:27","date_gmt":"2019-03-14T10:18:27","guid":{"rendered":"https:\/\/mascar.it\/?page_id=13969"},"modified":"2020-01-27T14:49:47","modified_gmt":"2020-01-27T13:49:47","slug":"flex-evo","status":"publish","type":"page","link":"https:\/\/mascar.it\/fr\/flex-evo\/","title":{"rendered":"Flex-Evo"},"content":{"rendered":"<p>En pratique, cela vous permet de travailler \u00e0 partir de 45 cm par incr\u00e9ments de 5 cm jusqu&rsquo;\u00e0 un maximum de 75 cm d\u2019inter-rang.<\/p>\n<p><strong>FLEX-EVO<\/strong> pr\u00e9sente donc l&rsquo;avantage incontestable de pouvoir semer plusieurs types de semis avec un seul \u00e9quipement, il suffit de changer les disques de semis en choisissant parmi ceux disponibles.<\/p>\n<p><img decoding=\"async\" src=\"https:\/\/mascar.it\/wp-content\/uploads\/2019\/03\/00_telaio_Flex.jpg\" \/><\/p>\n<p><strong>FLEX-EVO<\/strong> peut \u00eatre \u00e9quip\u00e9 d&rsquo;un <a href=\"https:\/\/mascar.it\/fr\/element-court-pour-semoirs-de-precision\/\" target=\"_blank\" rel=\"noopener\"><strong><span style=\"color: #ff0000;\">El\u00e9ment court<\/span><\/strong><\/a>\u00a0: Cette nouvelle version du parall\u00e9logramme robuste est maintenant disponible pour le semoir MAXI, afin de r\u00e9duire le poids du porte-\u00e0-faux arri\u00e8re qui p\u00e8se sur le tracteur.<\/p>\n<p>Les configurations disponibles sont<\/p>\n<p><strong>6 rangs 45-75 cm<\/strong><\/p>\n<p><strong>7 rangs 45-75 cm<\/strong><\/p>\n<p><strong>8 rangs 45-75 cm<\/strong><\/p>\n<p><strong>9 rangs 45-75 cm<\/strong><\/p>\n<p><iframe loading=\"lazy\" src=\"\/\/www.youtube.com\/embed\/pJzG1-6ZCQc\" width=\"560\" height=\"314\" allowfullscreen=\"allowfullscreen\"><\/iframe><\/p>\n","protected":false},"excerpt":{"rendered":"<p>En pratique, cela vous permet de travailler \u00e0 partir de 45 cm par incr\u00e9ments de 5 cm jusqu&rsquo;\u00e0 un maximum de 75 cm d\u2019inter-rang. FLEX-EVO pr\u00e9sente donc l&rsquo;avantage incontestable de pouvoir semer plusieurs types de semis avec un seul \u00e9quipement, il suffit de changer les disques de semis en choisissant parmi ceux disponibles. FLEX-EVO peut [&hellip;]<\/p>\n","protected":false},"author":2,"featured_media":14740,"parent":0,"menu_order":28,"comment_status":"closed","ping_status":"closed","template":"","meta":{"_acf_changed":false,"footnotes":""},"acf":[],"yoast_head":"<!-- This site is optimized with the Yoast SEO plugin v24.2 - https:\/\/yoast.com\/wordpress\/plugins\/seo\/ -->\n<title>Flex-Evo - manufacturer of agricultural machines - Mascar<\/title>\n<meta name=\"robots\" content=\"index, follow, max-snippet:-1, max-image-preview:large, max-video-preview:-1\" \/>\n<link rel=\"canonical\" href=\"https:\/\/mascar.it\/flex-evo\/\" \/>\n<meta property=\"og:locale\" content=\"fr_FR\" \/>\n<meta property=\"og:type\" content=\"article\" \/>\n<meta property=\"og:title\" content=\"Flex-Evo - manufacturer of agricultural machines - Mascar\" \/>\n<meta property=\"og:description\" content=\"En pratique, cela vous permet de travailler \u00e0 partir de 45 cm par incr\u00e9ments de 5 cm jusqu&rsquo;\u00e0 un maximum de 75 cm d\u2019inter-rang. FLEX-EVO pr\u00e9sente donc l&rsquo;avantage incontestable de pouvoir semer plusieurs types de semis avec un seul \u00e9quipement, il suffit de changer les disques de semis en choisissant parmi ceux disponibles. FLEX-EVO peut [&hellip;]\" \/>\n<meta property=\"og:url\" content=\"https:\/\/mascar.it\/flex-evo\/\" \/>\n<meta property=\"og:site_name\" content=\"Mascar\" \/>\n<meta property=\"article:modified_time\" content=\"2020-01-27T13:49:47+00:00\" \/>\n<meta property=\"og:image\" content=\"https:\/\/mascar.it\/wp-content\/uploads\/2020\/01\/00_mascar_flexevo_web_1.jpg\" \/>\n\t<meta property=\"og:image:width\" content=\"800\" \/>\n\t<meta property=\"og:image:height\" content=\"687\" \/>\n\t<meta property=\"og:image:type\" content=\"image\/jpeg\" \/>\n<meta name=\"twitter:card\" content=\"summary_large_image\" \/>\n<meta name=\"twitter:label1\" content=\"Dur\u00e9e de lecture estim\u00e9e\" \/>\n\t<meta name=\"twitter:data1\" content=\"1 minute\" \/>\n<script type=\"application\/ld+json\" class=\"yoast-schema-graph\">{\"@context\":\"https:\/\/schema.org\",\"@graph\":[{\"@type\":\"WebPage\",\"@id\":\"https:\/\/mascar.it\/flex-evo\/\",\"url\":\"https:\/\/mascar.it\/flex-evo\/\",\"name\":\"Flex-Evo - manufacturer of agricultural machines - Mascar\",\"isPartOf\":{\"@id\":\"https:\/\/mascar.it\/#website\"},\"primaryImageOfPage\":{\"@id\":\"https:\/\/mascar.it\/flex-evo\/#primaryimage\"},\"image\":{\"@id\":\"https:\/\/mascar.it\/flex-evo\/#primaryimage\"},\"thumbnailUrl\":\"https:\/\/mascar.it\/wp-content\/uploads\/2020\/01\/00_mascar_flexevo_web_1.jpg\",\"datePublished\":\"2019-03-14T10:18:27+00:00\",\"dateModified\":\"2020-01-27T13:49:47+00:00\",\"breadcrumb\":{\"@id\":\"https:\/\/mascar.it\/flex-evo\/#breadcrumb\"},\"inLanguage\":\"fr-FR\",\"potentialAction\":[{\"@type\":\"ReadAction\",\"target\":[\"https:\/\/mascar.it\/flex-evo\/\"]}]},{\"@type\":\"ImageObject\",\"inLanguage\":\"fr-FR\",\"@id\":\"https:\/\/mascar.it\/flex-evo\/#primaryimage\",\"url\":\"https:\/\/mascar.it\/wp-content\/uploads\/2020\/01\/00_mascar_flexevo_web_1.jpg\",\"contentUrl\":\"https:\/\/mascar.it\/wp-content\/uploads\/2020\/01\/00_mascar_flexevo_web_1.jpg\",\"width\":800,\"height\":687},{\"@type\":\"BreadcrumbList\",\"@id\":\"https:\/\/mascar.it\/flex-evo\/#breadcrumb\",\"itemListElement\":[{\"@type\":\"ListItem\",\"position\":1,\"name\":\"Home\",\"item\":\"https:\/\/mascar.it\/fr\/\"},{\"@type\":\"ListItem\",\"position\":2,\"name\":\"Flex-Evo\"}]},{\"@type\":\"WebSite\",\"@id\":\"https:\/\/mascar.it\/#website\",\"url\":\"https:\/\/mascar.it\/\",\"name\":\"Mascar\",\"description\":\"manufacturer of agricultural machines\",\"potentialAction\":[{\"@type\":\"SearchAction\",\"target\":{\"@type\":\"EntryPoint\",\"urlTemplate\":\"https:\/\/mascar.it\/?s={search_term_string}\"},\"query-input\":{\"@type\":\"PropertyValueSpecification\",\"valueRequired\":true,\"valueName\":\"search_term_string\"}}],\"inLanguage\":\"fr-FR\"}]}<\/script>\n<!-- \/ Yoast SEO plugin. -->","yoast_head_json":{"title":"Flex-Evo - manufacturer of agricultural machines - Mascar","robots":{"index":"index","follow":"follow","max-snippet":"max-snippet:-1","max-image-preview":"max-image-preview:large","max-video-preview":"max-video-preview:-1"},"canonical":"https:\/\/mascar.it\/flex-evo\/","og_locale":"fr_FR","og_type":"article","og_title":"Flex-Evo - manufacturer of agricultural machines - Mascar","og_description":"En pratique, cela vous permet de travailler \u00e0 partir de 45 cm par incr\u00e9ments de 5 cm jusqu&rsquo;\u00e0 un maximum de 75 cm d\u2019inter-rang. FLEX-EVO pr\u00e9sente donc l&rsquo;avantage incontestable de pouvoir semer plusieurs types de semis avec un seul \u00e9quipement, il suffit de changer les disques de semis en choisissant parmi ceux disponibles. FLEX-EVO peut [&hellip;]","og_url":"https:\/\/mascar.it\/flex-evo\/","og_site_name":"Mascar","article_modified_time":"2020-01-27T13:49:47+00:00","og_image":[{"width":800,"height":687,"url":"https:\/\/mascar.it\/wp-content\/uploads\/2020\/01\/00_mascar_flexevo_web_1.jpg","type":"image\/jpeg"}],"twitter_card":"summary_large_image","twitter_misc":{"Dur\u00e9e de lecture estim\u00e9e":"1 minute"},"schema":{"@context":"https:\/\/schema.org","@graph":[{"@type":"WebPage","@id":"https:\/\/mascar.it\/flex-evo\/","url":"https:\/\/mascar.it\/flex-evo\/","name":"Flex-Evo - manufacturer of agricultural machines - Mascar","isPartOf":{"@id":"https:\/\/mascar.it\/#website"},"primaryImageOfPage":{"@id":"https:\/\/mascar.it\/flex-evo\/#primaryimage"},"image":{"@id":"https:\/\/mascar.it\/flex-evo\/#primaryimage"},"thumbnailUrl":"https:\/\/mascar.it\/wp-content\/uploads\/2020\/01\/00_mascar_flexevo_web_1.jpg","datePublished":"2019-03-14T10:18:27+00:00","dateModified":"2020-01-27T13:49:47+00:00","breadcrumb":{"@id":"https:\/\/mascar.it\/flex-evo\/#breadcrumb"},"inLanguage":"fr-FR","potentialAction":[{"@type":"ReadAction","target":["https:\/\/mascar.it\/flex-evo\/"]}]},{"@type":"ImageObject","inLanguage":"fr-FR","@id":"https:\/\/mascar.it\/flex-evo\/#primaryimage","url":"https:\/\/mascar.it\/wp-content\/uploads\/2020\/01\/00_mascar_flexevo_web_1.jpg","contentUrl":"https:\/\/mascar.it\/wp-content\/uploads\/2020\/01\/00_mascar_flexevo_web_1.jpg","width":800,"height":687},{"@type":"BreadcrumbList","@id":"https:\/\/mascar.it\/flex-evo\/#breadcrumb","itemListElement":[{"@type":"ListItem","position":1,"name":"Home","item":"https:\/\/mascar.it\/fr\/"},{"@type":"ListItem","position":2,"name":"Flex-Evo"}]},{"@type":"WebSite","@id":"https:\/\/mascar.it\/#website","url":"https:\/\/mascar.it\/","name":"Mascar","description":"manufacturer of agricultural machines","potentialAction":[{"@type":"SearchAction","target":{"@type":"EntryPoint","urlTemplate":"https:\/\/mascar.it\/?s={search_term_string}"},"query-input":{"@type":"PropertyValueSpecification","valueRequired":true,"valueName":"search_term_string"}}],"inLanguage":"fr-FR"}]}},"_links":{"self":[{"href":"https:\/\/mascar.it\/fr\/wp-json\/wp\/v2\/pages\/13969"}],"collection":[{"href":"https:\/\/mascar.it\/fr\/wp-json\/wp\/v2\/pages"}],"about":[{"href":"https:\/\/mascar.it\/fr\/wp-json\/wp\/v2\/types\/page"}],"author":[{"embeddable":true,"href":"https:\/\/mascar.it\/fr\/wp-json\/wp\/v2\/users\/2"}],"replies":[{"embeddable":true,"href":"https:\/\/mascar.it\/fr\/wp-json\/wp\/v2\/comments?post=13969"}],"version-history":[{"count":5,"href":"https:\/\/mascar.it\/fr\/wp-json\/wp\/v2\/pages\/13969\/revisions"}],"predecessor-version":[{"id":14752,"href":"https:\/\/mascar.it\/fr\/wp-json\/wp\/v2\/pages\/13969\/revisions\/14752"}],"wp:featuredmedia":[{"embeddable":true,"href":"https:\/\/mascar.it\/fr\/wp-json\/wp\/v2\/media\/14740"}],"wp:attachment":[{"href":"https:\/\/mascar.it\/fr\/wp-json\/wp\/v2\/media?parent=13969"}],"curies":[{"name":"wp","href":"https:\/\/api.w.org\/{rel}","templated":true}]}}