{"id":155,"date":"2016-07-11T17:25:06","date_gmt":"2016-07-11T15:25:06","guid":{"rendered":"https:\/\/mascar.it\/pagina-di-esempio\/?lang=fr"},"modified":"2025-06-10T17:12:17","modified_gmt":"2025-06-10T15:12:17","slug":"home","status":"publish","type":"page","link":"https:\/\/mascar.it\/fr\/","title":{"rendered":"Home"},"content":{"rendered":"","protected":false},"excerpt":{"rendered":"","protected":false},"author":3,"featured_media":0,"parent":0,"menu_order":74,"comment_status":"closed","ping_status":"open","template":"page-home.php","meta":{"_acf_changed":false,"footnotes":""},"acf":[],"yoast_head":"<!-- This site is optimized with the Yoast SEO plugin v24.2 - https:\/\/yoast.com\/wordpress\/plugins\/seo\/ -->\n<title>R\u00e9alisation des machines agricoles pour la fenaison et le semis - Mascar<\/title>\n<meta name=\"description\" content=\"Nous r\u00e9alisons des machines agricoles pour la fenaison et le semis en particulier presses \u00e0 balles rondes, enrubanneuse, semoirs m\u00e9caniques et pneumatiques.\" \/>\n<meta name=\"robots\" content=\"index, follow, max-snippet:-1, max-image-preview:large, max-video-preview:-1\" \/>\n<link rel=\"canonical\" href=\"https:\/\/mascar.it\/fr\/\" \/>\n<meta property=\"og:locale\" content=\"fr_FR\" \/>\n<meta property=\"og:type\" content=\"article\" \/>\n<meta property=\"og:title\" content=\"R\u00e9alisation des machines agricoles pour la fenaison et le semis - Mascar\" \/>\n<meta property=\"og:description\" content=\"Nous r\u00e9alisons des machines agricoles pour la fenaison et le semis en particulier presses \u00e0 balles rondes, enrubanneuse, semoirs m\u00e9caniques et pneumatiques.\" \/>\n<meta property=\"og:url\" content=\"https:\/\/mascar.it\/fr\/\" \/>\n<meta property=\"og:site_name\" content=\"Mascar\" \/>\n<meta property=\"article:modified_time\" content=\"2025-06-10T15:12:17+00:00\" \/>\n<meta name=\"twitter:card\" content=\"summary_large_image\" \/>\n<script type=\"application\/ld+json\" class=\"yoast-schema-graph\">{\"@context\":\"https:\/\/schema.org\",\"@graph\":[{\"@type\":\"WebPage\",\"@id\":\"https:\/\/mascar.it\/fr\/\",\"url\":\"https:\/\/mascar.it\/fr\/\",\"name\":\"R\u00e9alisation des machines agricoles pour la fenaison et le semis - Mascar\",\"isPartOf\":{\"@id\":\"https:\/\/mascar.it\/#website\"},\"datePublished\":\"2016-07-11T15:25:06+00:00\",\"dateModified\":\"2025-06-10T15:12:17+00:00\",\"description\":\"Nous r\u00e9alisons des machines agricoles pour la fenaison et le semis en particulier presses \u00e0 balles rondes, enrubanneuse, semoirs m\u00e9caniques et pneumatiques.\",\"breadcrumb\":{\"@id\":\"https:\/\/mascar.it\/fr\/#breadcrumb\"},\"inLanguage\":\"fr-FR\",\"potentialAction\":[{\"@type\":\"ReadAction\",\"target\":[\"https:\/\/mascar.it\/fr\/\"]}]},{\"@type\":\"BreadcrumbList\",\"@id\":\"https:\/\/mascar.it\/fr\/#breadcrumb\",\"itemListElement\":[{\"@type\":\"ListItem\",\"position\":1,\"name\":\"Home\",\"item\":\"https:\/\/mascar.it\/fr\/\"},{\"@type\":\"ListItem\",\"position\":2,\"name\":\"Home\"}]},{\"@type\":\"WebSite\",\"@id\":\"https:\/\/mascar.it\/#website\",\"url\":\"https:\/\/mascar.it\/\",\"name\":\"Mascar\",\"description\":\"manufacturer of agricultural machines\",\"potentialAction\":[{\"@type\":\"SearchAction\",\"target\":{\"@type\":\"EntryPoint\",\"urlTemplate\":\"https:\/\/mascar.it\/?s={search_term_string}\"},\"query-input\":{\"@type\":\"PropertyValueSpecification\",\"valueRequired\":true,\"valueName\":\"search_term_string\"}}],\"inLanguage\":\"fr-FR\"}]}<\/script>\n<!-- \/ Yoast SEO plugin. -->","yoast_head_json":{"title":"R\u00e9alisation des machines agricoles pour la fenaison et le semis - Mascar","description":"Nous r\u00e9alisons des machines agricoles pour la fenaison et le semis en particulier presses \u00e0 balles rondes, enrubanneuse, semoirs m\u00e9caniques et pneumatiques.","robots":{"index":"index","follow":"follow","max-snippet":"max-snippet:-1","max-image-preview":"max-image-preview:large","max-video-preview":"max-video-preview:-1"},"canonical":"https:\/\/mascar.it\/fr\/","og_locale":"fr_FR","og_type":"article","og_title":"R\u00e9alisation des machines agricoles pour la fenaison et le semis - Mascar","og_description":"Nous r\u00e9alisons des machines agricoles pour la fenaison et le semis en particulier presses \u00e0 balles rondes, enrubanneuse, semoirs m\u00e9caniques et pneumatiques.","og_url":"https:\/\/mascar.it\/fr\/","og_site_name":"Mascar","article_modified_time":"2025-06-10T15:12:17+00:00","twitter_card":"summary_large_image","schema":{"@context":"https:\/\/schema.org","@graph":[{"@type":"WebPage","@id":"https:\/\/mascar.it\/fr\/","url":"https:\/\/mascar.it\/fr\/","name":"R\u00e9alisation des machines agricoles pour la fenaison et le semis - Mascar","isPartOf":{"@id":"https:\/\/mascar.it\/#website"},"datePublished":"2016-07-11T15:25:06+00:00","dateModified":"2025-06-10T15:12:17+00:00","description":"Nous r\u00e9alisons des machines agricoles pour la fenaison et le semis en particulier presses \u00e0 balles rondes, enrubanneuse, semoirs m\u00e9caniques et pneumatiques.","breadcrumb":{"@id":"https:\/\/mascar.it\/fr\/#breadcrumb"},"inLanguage":"fr-FR","potentialAction":[{"@type":"ReadAction","target":["https:\/\/mascar.it\/fr\/"]}]},{"@type":"BreadcrumbList","@id":"https:\/\/mascar.it\/fr\/#breadcrumb","itemListElement":[{"@type":"ListItem","position":1,"name":"Home","item":"https:\/\/mascar.it\/fr\/"},{"@type":"ListItem","position":2,"name":"Home"}]},{"@type":"WebSite","@id":"https:\/\/mascar.it\/#website","url":"https:\/\/mascar.it\/","name":"Mascar","description":"manufacturer of agricultural machines","potentialAction":[{"@type":"SearchAction","target":{"@type":"EntryPoint","urlTemplate":"https:\/\/mascar.it\/?s={search_term_string}"},"query-input":{"@type":"PropertyValueSpecification","valueRequired":true,"valueName":"search_term_string"}}],"inLanguage":"fr-FR"}]}},"_links":{"self":[{"href":"https:\/\/mascar.it\/fr\/wp-json\/wp\/v2\/pages\/155"}],"collection":[{"href":"https:\/\/mascar.it\/fr\/wp-json\/wp\/v2\/pages"}],"about":[{"href":"https:\/\/mascar.it\/fr\/wp-json\/wp\/v2\/types\/page"}],"author":[{"embeddable":true,"href":"https:\/\/mascar.it\/fr\/wp-json\/wp\/v2\/users\/3"}],"replies":[{"embeddable":true,"href":"https:\/\/mascar.it\/fr\/wp-json\/wp\/v2\/comments?post=155"}],"version-history":[{"count":5,"href":"https:\/\/mascar.it\/fr\/wp-json\/wp\/v2\/pages\/155\/revisions"}],"predecessor-version":[{"id":10780,"href":"https:\/\/mascar.it\/fr\/wp-json\/wp\/v2\/pages\/155\/revisions\/10780"}],"wp:attachment":[{"href":"https:\/\/mascar.it\/fr\/wp-json\/wp\/v2\/media?parent=155"}],"curies":[{"name":"wp","href":"https:\/\/api.w.org\/{rel}","templated":true}]}}