{"id":2675,"date":"2016-08-17T16:08:59","date_gmt":"2016-08-17T14:08:59","guid":{"rendered":"https:\/\/mascar.it\/fr\/reserved\/"},"modified":"2026-04-13T11:49:01","modified_gmt":"2026-04-13T09:49:01","slug":"reserved","status":"publish","type":"page","link":"https:\/\/mascar.it\/fr\/reserved\/","title":{"rendered":"Reserved"},"content":{"rendered":"<p>(R\u00e9serv\u00e9 aux clients Mascar)<\/p>\n<p>L\u2019espace r\u00e9serv\u00e9 du site web Mascar contient: Listes de prix, listes de prix des pi\u00e8ces de rechange, \u00e9clat\u00e9es des pi\u00e8ces de rechange et divers formulaires vides en format PDF.<br \/>\nEn vous enregistrant, avec les m\u00eames mots de passe, vous pouvez \u00e9galement acc\u00e9der au service de pi\u00e8ces de rechange.<br \/>\nT\u00e9l\u00e9chargez-vous les instructions pour l\u2019enregistrement d&rsquo;ici:<br \/>\n<img decoding=\"async\" src=\"https:\/\/mascar.it\/wp-content\/uploads\/2019\/03\/freccia.png\" \/><\/p>\n<h6><a href=\"https:\/\/mascar.it\/wp-content\/uploads\/2017\/08\/D00001FR-WEBSITE-REGISTRATION.pdf\" target=\"_blank\" rel=\"noopener noreferrer\"><strong>T\u00c9L\u00c9CHARGEZ-VOUS LES INSTRUCTIONS<\/strong><\/a><\/h6>\n","protected":false},"excerpt":{"rendered":"<p>(R\u00e9serv\u00e9 aux clients Mascar) L\u2019espace r\u00e9serv\u00e9 du site web Mascar contient: Listes de prix, listes de prix des pi\u00e8ces de rechange, \u00e9clat\u00e9es des pi\u00e8ces de rechange et divers formulaires vides en format PDF. En vous enregistrant, avec les m\u00eames mots de passe, vous pouvez \u00e9galement acc\u00e9der au service de pi\u00e8ces de rechange. T\u00e9l\u00e9chargez-vous les instructions [&hellip;]<\/p>\n","protected":false},"author":3,"featured_media":0,"parent":0,"menu_order":63,"comment_status":"closed","ping_status":"closed","template":"areariservata.php","meta":{"_acf_changed":false,"footnotes":""},"acf":[],"yoast_head":"<!-- This site is optimized with the Yoast SEO plugin v24.2 - https:\/\/yoast.com\/wordpress\/plugins\/seo\/ -->\n<title>Reserved - manufacturer of agricultural machines - Mascar<\/title>\n<meta name=\"robots\" content=\"index, follow, max-snippet:-1, max-image-preview:large, max-video-preview:-1\" \/>\n<link rel=\"canonical\" href=\"https:\/\/mascar.it\/fr\/reserved\/\" \/>\n<meta property=\"og:locale\" content=\"fr_FR\" \/>\n<meta property=\"og:type\" content=\"article\" \/>\n<meta property=\"og:title\" content=\"Reserved - manufacturer of agricultural machines - Mascar\" \/>\n<meta property=\"og:description\" content=\"(R\u00e9serv\u00e9 aux clients Mascar) L\u2019espace r\u00e9serv\u00e9 du site web Mascar contient: Listes de prix, listes de prix des pi\u00e8ces de rechange, \u00e9clat\u00e9es des pi\u00e8ces de rechange et divers formulaires vides en format PDF. En vous enregistrant, avec les m\u00eames mots de passe, vous pouvez \u00e9galement acc\u00e9der au service de pi\u00e8ces de rechange. T\u00e9l\u00e9chargez-vous les instructions [&hellip;]\" \/>\n<meta property=\"og:url\" content=\"https:\/\/mascar.it\/fr\/reserved\/\" \/>\n<meta property=\"og:site_name\" content=\"Mascar\" \/>\n<meta property=\"article:modified_time\" content=\"2026-04-13T09:49:01+00:00\" \/>\n<meta property=\"og:image\" content=\"https:\/\/mascar.it\/wp-content\/uploads\/2019\/03\/freccia.png\" \/>\n<meta name=\"twitter:card\" content=\"summary_large_image\" \/>\n<meta name=\"twitter:label1\" content=\"Dur\u00e9e de lecture estim\u00e9e\" \/>\n\t<meta name=\"twitter:data1\" content=\"1 minute\" \/>\n<script type=\"application\/ld+json\" class=\"yoast-schema-graph\">{\"@context\":\"https:\/\/schema.org\",\"@graph\":[{\"@type\":\"WebPage\",\"@id\":\"https:\/\/mascar.it\/fr\/reserved\/\",\"url\":\"https:\/\/mascar.it\/fr\/reserved\/\",\"name\":\"Reserved - manufacturer of agricultural machines - Mascar\",\"isPartOf\":{\"@id\":\"https:\/\/mascar.it\/#website\"},\"primaryImageOfPage\":{\"@id\":\"https:\/\/mascar.it\/fr\/reserved\/#primaryimage\"},\"image\":{\"@id\":\"https:\/\/mascar.it\/fr\/reserved\/#primaryimage\"},\"thumbnailUrl\":\"https:\/\/mascar.it\/wp-content\/uploads\/2019\/03\/freccia.png\",\"datePublished\":\"2016-08-17T14:08:59+00:00\",\"dateModified\":\"2026-04-13T09:49:01+00:00\",\"breadcrumb\":{\"@id\":\"https:\/\/mascar.it\/fr\/reserved\/#breadcrumb\"},\"inLanguage\":\"fr-FR\",\"potentialAction\":[{\"@type\":\"ReadAction\",\"target\":[\"https:\/\/mascar.it\/fr\/reserved\/\"]}]},{\"@type\":\"ImageObject\",\"inLanguage\":\"fr-FR\",\"@id\":\"https:\/\/mascar.it\/fr\/reserved\/#primaryimage\",\"url\":\"https:\/\/mascar.it\/wp-content\/uploads\/2019\/03\/freccia.png\",\"contentUrl\":\"https:\/\/mascar.it\/wp-content\/uploads\/2019\/03\/freccia.png\"},{\"@type\":\"BreadcrumbList\",\"@id\":\"https:\/\/mascar.it\/fr\/reserved\/#breadcrumb\",\"itemListElement\":[{\"@type\":\"ListItem\",\"position\":1,\"name\":\"Home\",\"item\":\"https:\/\/mascar.it\/fr\/\"},{\"@type\":\"ListItem\",\"position\":2,\"name\":\"Reserved\"}]},{\"@type\":\"WebSite\",\"@id\":\"https:\/\/mascar.it\/#website\",\"url\":\"https:\/\/mascar.it\/\",\"name\":\"Mascar\",\"description\":\"manufacturer of agricultural machines\",\"potentialAction\":[{\"@type\":\"SearchAction\",\"target\":{\"@type\":\"EntryPoint\",\"urlTemplate\":\"https:\/\/mascar.it\/?s={search_term_string}\"},\"query-input\":{\"@type\":\"PropertyValueSpecification\",\"valueRequired\":true,\"valueName\":\"search_term_string\"}}],\"inLanguage\":\"fr-FR\"}]}<\/script>\n<!-- \/ Yoast SEO plugin. -->","yoast_head_json":{"title":"Reserved - manufacturer of agricultural machines - Mascar","robots":{"index":"index","follow":"follow","max-snippet":"max-snippet:-1","max-image-preview":"max-image-preview:large","max-video-preview":"max-video-preview:-1"},"canonical":"https:\/\/mascar.it\/fr\/reserved\/","og_locale":"fr_FR","og_type":"article","og_title":"Reserved - manufacturer of agricultural machines - Mascar","og_description":"(R\u00e9serv\u00e9 aux clients Mascar) L\u2019espace r\u00e9serv\u00e9 du site web Mascar contient: Listes de prix, listes de prix des pi\u00e8ces de rechange, \u00e9clat\u00e9es des pi\u00e8ces de rechange et divers formulaires vides en format PDF. En vous enregistrant, avec les m\u00eames mots de passe, vous pouvez \u00e9galement acc\u00e9der au service de pi\u00e8ces de rechange. T\u00e9l\u00e9chargez-vous les instructions [&hellip;]","og_url":"https:\/\/mascar.it\/fr\/reserved\/","og_site_name":"Mascar","article_modified_time":"2026-04-13T09:49:01+00:00","og_image":[{"url":"https:\/\/mascar.it\/wp-content\/uploads\/2019\/03\/freccia.png","type":"","width":"","height":""}],"twitter_card":"summary_large_image","twitter_misc":{"Dur\u00e9e de lecture estim\u00e9e":"1 minute"},"schema":{"@context":"https:\/\/schema.org","@graph":[{"@type":"WebPage","@id":"https:\/\/mascar.it\/fr\/reserved\/","url":"https:\/\/mascar.it\/fr\/reserved\/","name":"Reserved - manufacturer of agricultural machines - Mascar","isPartOf":{"@id":"https:\/\/mascar.it\/#website"},"primaryImageOfPage":{"@id":"https:\/\/mascar.it\/fr\/reserved\/#primaryimage"},"image":{"@id":"https:\/\/mascar.it\/fr\/reserved\/#primaryimage"},"thumbnailUrl":"https:\/\/mascar.it\/wp-content\/uploads\/2019\/03\/freccia.png","datePublished":"2016-08-17T14:08:59+00:00","dateModified":"2026-04-13T09:49:01+00:00","breadcrumb":{"@id":"https:\/\/mascar.it\/fr\/reserved\/#breadcrumb"},"inLanguage":"fr-FR","potentialAction":[{"@type":"ReadAction","target":["https:\/\/mascar.it\/fr\/reserved\/"]}]},{"@type":"ImageObject","inLanguage":"fr-FR","@id":"https:\/\/mascar.it\/fr\/reserved\/#primaryimage","url":"https:\/\/mascar.it\/wp-content\/uploads\/2019\/03\/freccia.png","contentUrl":"https:\/\/mascar.it\/wp-content\/uploads\/2019\/03\/freccia.png"},{"@type":"BreadcrumbList","@id":"https:\/\/mascar.it\/fr\/reserved\/#breadcrumb","itemListElement":[{"@type":"ListItem","position":1,"name":"Home","item":"https:\/\/mascar.it\/fr\/"},{"@type":"ListItem","position":2,"name":"Reserved"}]},{"@type":"WebSite","@id":"https:\/\/mascar.it\/#website","url":"https:\/\/mascar.it\/","name":"Mascar","description":"manufacturer of agricultural machines","potentialAction":[{"@type":"SearchAction","target":{"@type":"EntryPoint","urlTemplate":"https:\/\/mascar.it\/?s={search_term_string}"},"query-input":{"@type":"PropertyValueSpecification","valueRequired":true,"valueName":"search_term_string"}}],"inLanguage":"fr-FR"}]}},"_links":{"self":[{"href":"https:\/\/mascar.it\/fr\/wp-json\/wp\/v2\/pages\/2675"}],"collection":[{"href":"https:\/\/mascar.it\/fr\/wp-json\/wp\/v2\/pages"}],"about":[{"href":"https:\/\/mascar.it\/fr\/wp-json\/wp\/v2\/types\/page"}],"author":[{"embeddable":true,"href":"https:\/\/mascar.it\/fr\/wp-json\/wp\/v2\/users\/3"}],"replies":[{"embeddable":true,"href":"https:\/\/mascar.it\/fr\/wp-json\/wp\/v2\/comments?post=2675"}],"version-history":[{"count":54,"href":"https:\/\/mascar.it\/fr\/wp-json\/wp\/v2\/pages\/2675\/revisions"}],"predecessor-version":[{"id":43768,"href":"https:\/\/mascar.it\/fr\/wp-json\/wp\/v2\/pages\/2675\/revisions\/43768"}],"wp:attachment":[{"href":"https:\/\/mascar.it\/fr\/wp-json\/wp\/v2\/media?parent=2675"}],"curies":[{"name":"wp","href":"https:\/\/api.w.org\/{rel}","templated":true}]}}