{"id":495,"date":"2016-07-19T17:00:30","date_gmt":"2016-07-19T15:00:30","guid":{"rendered":"https:\/\/mascar.it\/fr\/company\/"},"modified":"2019-03-05T17:27:51","modified_gmt":"2019-03-05T16:27:51","slug":"entreprise","status":"publish","type":"page","link":"https:\/\/mascar.it\/fr\/entreprise\/","title":{"rendered":"Entreprise"},"content":{"rendered":"<blockquote><p>Les machines agricoles ont \u00e9t\u00e9 toujours ma passion et, pendant les ans et dans plusieurs pays, j\u2019ai appris que si on travaille avec passion et d\u2019une mani\u00e8re s\u00e9rieux pour la satisfaction des clients, il sera couronn\u00e9 de succ\u00e8s dans la m\u00e9canisation agricole. J&rsquo;ai enseign\u00e9 ce \u00e0 mes enfants et collaborateurs.<\/p>\n<p><span style=\"color: #000000;\"><b>Antonio Maschio<\/b><\/span><br \/>\nFondateur de Mascar S.p.a.<\/p><\/blockquote>\n<p style=\"text-align: left;\">Dans nos deux usines, situ\u00e9es \u00e0 quelques m\u00e8tres l\u2019une de l\u2019autre, sur une surface totale de 27.000 m\u00b2, nous produisons le 95% de notre gamme assurant un contr\u00f4le de qualit\u00e9 sur toutes les pi\u00e8ces de la machine: l\u2019assemblage, les lasers de d\u00e9coupe, les presses-plieuses et les outils de soudage, la station de peinture et l\u2019automatisation de notre entrep\u00f4t de pi\u00e8ces de rechange nous permettent de obtenir des produits fiables et de r\u00e9duire nos temps de r\u00e9action pour une grande satisfaction de nos clients. Notre \u00e9quipe d&rsquo;ing\u00e9nieurs est toujours \u00e0 la recherche des nouveaux solutions pour augmenter les performances sur le terrain de nos produits, en consid\u00e9rant la derni\u00e8re technologie, soit en ce qui concerne l&rsquo;impact environnemental soit en ce qui concerne le gain du temps.<br \/>\nActuellement notre soci\u00e9t\u00e9 exporte le 80% de son chiffre d&rsquo;affaires dans plus de 35 pays \u00e9trangers.<\/p>\n<p>&nbsp;<\/p>\n<hr \/>\n<p>&nbsp;<\/p>\n<p style=\"text-align: left;\">Nos objectifs sont simples et clairs:<br \/>\n&#8211; Maximisation du rapport qualit\u00e9-prix;<br \/>\n&#8211; Produit de grand d\u00e9veloppement, \u00e9quivalence de fiabilit\u00e9;<br \/>\n&#8211; Les soins et l&rsquo;attention au client avec service apr\u00e8s-vente efficace et un service d&rsquo;assistance technique.<\/p>\n<p>&nbsp;<\/p>\n<p style=\"text-align: center;\"><strong>Compte tenu de tous ci-dessus, nous pouvons certainement confirmer que:<\/strong><\/p>\n<p>&nbsp;<\/p>\n<h2 style=\"text-align: center;\"><strong>\u00ab\u00a0Rien de grand ne s\u2019est produit dans le monde sans passion\u00a0\u00bb<\/strong><\/h2>\n","protected":false},"excerpt":{"rendered":"<p>Les machines agricoles ont \u00e9t\u00e9 toujours ma passion et, pendant les ans et dans plusieurs pays, j\u2019ai appris que si on travaille avec passion et d\u2019une mani\u00e8re s\u00e9rieux pour la satisfaction des clients, il sera couronn\u00e9 de succ\u00e8s dans la m\u00e9canisation agricole. J&rsquo;ai enseign\u00e9 ce \u00e0 mes enfants et collaborateurs. Antonio Maschio Fondateur de Mascar [&hellip;]<\/p>\n","protected":false},"author":3,"featured_media":0,"parent":0,"menu_order":77,"comment_status":"closed","ping_status":"closed","template":"","meta":{"_acf_changed":false,"footnotes":""},"acf":[],"yoast_head":"<!-- This site is optimized with the Yoast SEO plugin v24.2 - https:\/\/yoast.com\/wordpress\/plugins\/seo\/ -->\n<title>Entreprise - r\u00e9alisation des machines agricoles pour la fenaison et le semis - Mascar<\/title>\n<meta name=\"description\" content=\"Machines agricoles pour la fenaison et le semis en particulier presses \u00e0 balles rondes, enrubanneuse, semoirs m\u00e9caniques et pneumatiques. Contact\u00e9z-nous!\" \/>\n<meta name=\"robots\" content=\"index, follow, max-snippet:-1, max-image-preview:large, max-video-preview:-1\" \/>\n<link rel=\"canonical\" href=\"https:\/\/mascar.it\/company\/\" \/>\n<meta property=\"og:locale\" content=\"fr_FR\" \/>\n<meta property=\"og:type\" content=\"article\" \/>\n<meta property=\"og:title\" content=\"Entreprise - r\u00e9alisation des machines agricoles pour la fenaison et le semis - Mascar\" \/>\n<meta property=\"og:description\" content=\"Machines agricoles pour la fenaison et le semis en particulier presses \u00e0 balles rondes, enrubanneuse, semoirs m\u00e9caniques et pneumatiques. Contact\u00e9z-nous!\" \/>\n<meta property=\"og:url\" content=\"https:\/\/mascar.it\/company\/\" \/>\n<meta property=\"og:site_name\" content=\"Mascar\" \/>\n<meta property=\"article:modified_time\" content=\"2019-03-05T16:27:51+00:00\" \/>\n<meta name=\"twitter:card\" content=\"summary_large_image\" \/>\n<meta name=\"twitter:label1\" content=\"Dur\u00e9e de lecture estim\u00e9e\" \/>\n\t<meta name=\"twitter:data1\" content=\"1 minute\" \/>\n<script type=\"application\/ld+json\" class=\"yoast-schema-graph\">{\"@context\":\"https:\/\/schema.org\",\"@graph\":[{\"@type\":\"WebPage\",\"@id\":\"https:\/\/mascar.it\/company\/\",\"url\":\"https:\/\/mascar.it\/company\/\",\"name\":\"Entreprise - r\u00e9alisation des machines agricoles pour la fenaison et le semis - Mascar\",\"isPartOf\":{\"@id\":\"https:\/\/mascar.it\/#website\"},\"datePublished\":\"2016-07-19T15:00:30+00:00\",\"dateModified\":\"2019-03-05T16:27:51+00:00\",\"description\":\"Machines agricoles pour la fenaison et le semis en particulier presses \u00e0 balles rondes, enrubanneuse, semoirs m\u00e9caniques et pneumatiques. Contact\u00e9z-nous!\",\"breadcrumb\":{\"@id\":\"https:\/\/mascar.it\/company\/#breadcrumb\"},\"inLanguage\":\"fr-FR\",\"potentialAction\":[{\"@type\":\"ReadAction\",\"target\":[\"https:\/\/mascar.it\/company\/\"]}]},{\"@type\":\"BreadcrumbList\",\"@id\":\"https:\/\/mascar.it\/company\/#breadcrumb\",\"itemListElement\":[{\"@type\":\"ListItem\",\"position\":1,\"name\":\"Home\",\"item\":\"https:\/\/mascar.it\/fr\/\"},{\"@type\":\"ListItem\",\"position\":2,\"name\":\"Entreprise\"}]},{\"@type\":\"WebSite\",\"@id\":\"https:\/\/mascar.it\/#website\",\"url\":\"https:\/\/mascar.it\/\",\"name\":\"Mascar\",\"description\":\"manufacturer of agricultural machines\",\"potentialAction\":[{\"@type\":\"SearchAction\",\"target\":{\"@type\":\"EntryPoint\",\"urlTemplate\":\"https:\/\/mascar.it\/?s={search_term_string}\"},\"query-input\":{\"@type\":\"PropertyValueSpecification\",\"valueRequired\":true,\"valueName\":\"search_term_string\"}}],\"inLanguage\":\"fr-FR\"}]}<\/script>\n<!-- \/ Yoast SEO plugin. -->","yoast_head_json":{"title":"Entreprise - r\u00e9alisation des machines agricoles pour la fenaison et le semis - Mascar","description":"Machines agricoles pour la fenaison et le semis en particulier presses \u00e0 balles rondes, enrubanneuse, semoirs m\u00e9caniques et pneumatiques. Contact\u00e9z-nous!","robots":{"index":"index","follow":"follow","max-snippet":"max-snippet:-1","max-image-preview":"max-image-preview:large","max-video-preview":"max-video-preview:-1"},"canonical":"https:\/\/mascar.it\/company\/","og_locale":"fr_FR","og_type":"article","og_title":"Entreprise - r\u00e9alisation des machines agricoles pour la fenaison et le semis - Mascar","og_description":"Machines agricoles pour la fenaison et le semis en particulier presses \u00e0 balles rondes, enrubanneuse, semoirs m\u00e9caniques et pneumatiques. Contact\u00e9z-nous!","og_url":"https:\/\/mascar.it\/company\/","og_site_name":"Mascar","article_modified_time":"2019-03-05T16:27:51+00:00","twitter_card":"summary_large_image","twitter_misc":{"Dur\u00e9e de lecture estim\u00e9e":"1 minute"},"schema":{"@context":"https:\/\/schema.org","@graph":[{"@type":"WebPage","@id":"https:\/\/mascar.it\/company\/","url":"https:\/\/mascar.it\/company\/","name":"Entreprise - r\u00e9alisation des machines agricoles pour la fenaison et le semis - Mascar","isPartOf":{"@id":"https:\/\/mascar.it\/#website"},"datePublished":"2016-07-19T15:00:30+00:00","dateModified":"2019-03-05T16:27:51+00:00","description":"Machines agricoles pour la fenaison et le semis en particulier presses \u00e0 balles rondes, enrubanneuse, semoirs m\u00e9caniques et pneumatiques. Contact\u00e9z-nous!","breadcrumb":{"@id":"https:\/\/mascar.it\/company\/#breadcrumb"},"inLanguage":"fr-FR","potentialAction":[{"@type":"ReadAction","target":["https:\/\/mascar.it\/company\/"]}]},{"@type":"BreadcrumbList","@id":"https:\/\/mascar.it\/company\/#breadcrumb","itemListElement":[{"@type":"ListItem","position":1,"name":"Home","item":"https:\/\/mascar.it\/fr\/"},{"@type":"ListItem","position":2,"name":"Entreprise"}]},{"@type":"WebSite","@id":"https:\/\/mascar.it\/#website","url":"https:\/\/mascar.it\/","name":"Mascar","description":"manufacturer of agricultural machines","potentialAction":[{"@type":"SearchAction","target":{"@type":"EntryPoint","urlTemplate":"https:\/\/mascar.it\/?s={search_term_string}"},"query-input":{"@type":"PropertyValueSpecification","valueRequired":true,"valueName":"search_term_string"}}],"inLanguage":"fr-FR"}]}},"_links":{"self":[{"href":"https:\/\/mascar.it\/fr\/wp-json\/wp\/v2\/pages\/495"}],"collection":[{"href":"https:\/\/mascar.it\/fr\/wp-json\/wp\/v2\/pages"}],"about":[{"href":"https:\/\/mascar.it\/fr\/wp-json\/wp\/v2\/types\/page"}],"author":[{"embeddable":true,"href":"https:\/\/mascar.it\/fr\/wp-json\/wp\/v2\/users\/3"}],"replies":[{"embeddable":true,"href":"https:\/\/mascar.it\/fr\/wp-json\/wp\/v2\/comments?post=495"}],"version-history":[{"count":17,"href":"https:\/\/mascar.it\/fr\/wp-json\/wp\/v2\/pages\/495\/revisions"}],"predecessor-version":[{"id":13864,"href":"https:\/\/mascar.it\/fr\/wp-json\/wp\/v2\/pages\/495\/revisions\/13864"}],"wp:attachment":[{"href":"https:\/\/mascar.it\/fr\/wp-json\/wp\/v2\/media?parent=495"}],"curies":[{"name":"wp","href":"https:\/\/api.w.org\/{rel}","templated":true}]}}