{"id":14153,"date":"2019-05-15T17:39:50","date_gmt":"2019-05-15T15:39:50","guid":{"rendered":"https:\/\/mascar.it\/?page_id=14153"},"modified":"2019-05-15T17:39:50","modified_gmt":"2019-05-15T15:39:50","slug":"attivita-di-marketing","status":"publish","type":"page","link":"https:\/\/mascar.it\/it\/attivita-di-marketing\/","title":{"rendered":"Attivit\u00e0 di Marketing"},"content":{"rendered":"<p>Elaborazione e trattamento dei dati da parte di Mascar SpA per le finalit\u00e0 di marketing riferimento al punto b) del paragrafo dell\u2019informativa sulla Finalit\u00e0 base giuridica del Trattamento e obbligatoriet\u00e0 del conferimento dei dati, con le modalit\u00e0 previste<\/p>\n","protected":false},"excerpt":{"rendered":"<p>Elaborazione e trattamento dei dati da parte di per le finalit\u00e0 di marketing riferimento al punto b) del paragrafo dell\u2019informativa sulla Finalit\u00e0 base giuridica del Trattamento e obbligatoriet\u00e0 del conferimento dei dati, con le modalit\u00e0 previste<\/p>\n","protected":false},"author":3,"featured_media":0,"parent":0,"menu_order":25,"comment_status":"closed","ping_status":"closed","template":"","meta":{"_acf_changed":false,"footnotes":""},"acf":[],"yoast_head":"<!-- This site is optimized with the Yoast SEO plugin v24.2 - https:\/\/yoast.com\/wordpress\/plugins\/seo\/ -->\n<title>Attivit\u00e0 di Marketing - manufacturer of agricultural machines - Mascar<\/title>\n<meta name=\"robots\" content=\"index, follow, max-snippet:-1, max-image-preview:large, max-video-preview:-1\" \/>\n<link rel=\"canonical\" href=\"https:\/\/mascar.it\/attivita-di-marketing\/\" \/>\n<meta property=\"og:locale\" content=\"it_IT\" \/>\n<meta property=\"og:type\" content=\"article\" \/>\n<meta property=\"og:title\" content=\"Attivit\u00e0 di Marketing - manufacturer of agricultural machines - Mascar\" \/>\n<meta property=\"og:description\" content=\"Elaborazione e trattamento dei dati da parte di per le finalit\u00e0 di marketing riferimento al punto b) del paragrafo dell\u2019informativa sulla Finalit\u00e0 base giuridica del Trattamento e obbligatoriet\u00e0 del conferimento dei dati, con le modalit\u00e0 previste\" \/>\n<meta property=\"og:url\" content=\"https:\/\/mascar.it\/attivita-di-marketing\/\" \/>\n<meta property=\"og:site_name\" content=\"Mascar\" \/>\n<meta name=\"twitter:card\" content=\"summary_large_image\" \/>\n<script type=\"application\/ld+json\" class=\"yoast-schema-graph\">{\"@context\":\"https:\/\/schema.org\",\"@graph\":[{\"@type\":\"WebPage\",\"@id\":\"https:\/\/mascar.it\/attivita-di-marketing\/\",\"url\":\"https:\/\/mascar.it\/attivita-di-marketing\/\",\"name\":\"Attivit\u00e0 di Marketing - manufacturer of agricultural machines - Mascar\",\"isPartOf\":{\"@id\":\"https:\/\/mascar.it\/#website\"},\"datePublished\":\"2019-05-15T15:39:50+00:00\",\"dateModified\":\"2019-05-15T15:39:50+00:00\",\"breadcrumb\":{\"@id\":\"https:\/\/mascar.it\/attivita-di-marketing\/#breadcrumb\"},\"inLanguage\":\"it-IT\",\"potentialAction\":[{\"@type\":\"ReadAction\",\"target\":[\"https:\/\/mascar.it\/attivita-di-marketing\/\"]}]},{\"@type\":\"BreadcrumbList\",\"@id\":\"https:\/\/mascar.it\/attivita-di-marketing\/#breadcrumb\",\"itemListElement\":[{\"@type\":\"ListItem\",\"position\":1,\"name\":\"Home\",\"item\":\"https:\/\/mascar.it\/it\/\"},{\"@type\":\"ListItem\",\"position\":2,\"name\":\"Attivit\u00e0 di Marketing\"}]},{\"@type\":\"WebSite\",\"@id\":\"https:\/\/mascar.it\/#website\",\"url\":\"https:\/\/mascar.it\/\",\"name\":\"Mascar\",\"description\":\"manufacturer of agricultural machines\",\"potentialAction\":[{\"@type\":\"SearchAction\",\"target\":{\"@type\":\"EntryPoint\",\"urlTemplate\":\"https:\/\/mascar.it\/?s={search_term_string}\"},\"query-input\":{\"@type\":\"PropertyValueSpecification\",\"valueRequired\":true,\"valueName\":\"search_term_string\"}}],\"inLanguage\":\"it-IT\"}]}<\/script>\n<!-- \/ Yoast SEO plugin. -->","yoast_head_json":{"title":"Attivit\u00e0 di Marketing - manufacturer of agricultural machines - Mascar","robots":{"index":"index","follow":"follow","max-snippet":"max-snippet:-1","max-image-preview":"max-image-preview:large","max-video-preview":"max-video-preview:-1"},"canonical":"https:\/\/mascar.it\/attivita-di-marketing\/","og_locale":"it_IT","og_type":"article","og_title":"Attivit\u00e0 di Marketing - manufacturer of agricultural machines - Mascar","og_description":"Elaborazione e trattamento dei dati da parte di per le finalit\u00e0 di marketing riferimento al punto b) del paragrafo dell\u2019informativa sulla Finalit\u00e0 base giuridica del Trattamento e obbligatoriet\u00e0 del conferimento dei dati, con le modalit\u00e0 previste","og_url":"https:\/\/mascar.it\/attivita-di-marketing\/","og_site_name":"Mascar","twitter_card":"summary_large_image","schema":{"@context":"https:\/\/schema.org","@graph":[{"@type":"WebPage","@id":"https:\/\/mascar.it\/attivita-di-marketing\/","url":"https:\/\/mascar.it\/attivita-di-marketing\/","name":"Attivit\u00e0 di Marketing - manufacturer of agricultural machines - Mascar","isPartOf":{"@id":"https:\/\/mascar.it\/#website"},"datePublished":"2019-05-15T15:39:50+00:00","dateModified":"2019-05-15T15:39:50+00:00","breadcrumb":{"@id":"https:\/\/mascar.it\/attivita-di-marketing\/#breadcrumb"},"inLanguage":"it-IT","potentialAction":[{"@type":"ReadAction","target":["https:\/\/mascar.it\/attivita-di-marketing\/"]}]},{"@type":"BreadcrumbList","@id":"https:\/\/mascar.it\/attivita-di-marketing\/#breadcrumb","itemListElement":[{"@type":"ListItem","position":1,"name":"Home","item":"https:\/\/mascar.it\/it\/"},{"@type":"ListItem","position":2,"name":"Attivit\u00e0 di Marketing"}]},{"@type":"WebSite","@id":"https:\/\/mascar.it\/#website","url":"https:\/\/mascar.it\/","name":"Mascar","description":"manufacturer of agricultural machines","potentialAction":[{"@type":"SearchAction","target":{"@type":"EntryPoint","urlTemplate":"https:\/\/mascar.it\/?s={search_term_string}"},"query-input":{"@type":"PropertyValueSpecification","valueRequired":true,"valueName":"search_term_string"}}],"inLanguage":"it-IT"}]}},"_links":{"self":[{"href":"https:\/\/mascar.it\/it\/wp-json\/wp\/v2\/pages\/14153"}],"collection":[{"href":"https:\/\/mascar.it\/it\/wp-json\/wp\/v2\/pages"}],"about":[{"href":"https:\/\/mascar.it\/it\/wp-json\/wp\/v2\/types\/page"}],"author":[{"embeddable":true,"href":"https:\/\/mascar.it\/it\/wp-json\/wp\/v2\/users\/3"}],"replies":[{"embeddable":true,"href":"https:\/\/mascar.it\/it\/wp-json\/wp\/v2\/comments?post=14153"}],"version-history":[{"count":1,"href":"https:\/\/mascar.it\/it\/wp-json\/wp\/v2\/pages\/14153\/revisions"}],"predecessor-version":[{"id":14154,"href":"https:\/\/mascar.it\/it\/wp-json\/wp\/v2\/pages\/14153\/revisions\/14154"}],"wp:attachment":[{"href":"https:\/\/mascar.it\/it\/wp-json\/wp\/v2\/media?parent=14153"}],"curies":[{"name":"wp","href":"https:\/\/api.w.org\/{rel}","templated":true}]}}