{"id":9872,"date":"2017-11-27T11:58:35","date_gmt":"2017-11-27T10:58:35","guid":{"rendered":"https:\/\/mascar.it\/home\/nuovi-limpianto-verniciatura-bicomponente-oltre-agli-hardware-software-progettazione\/"},"modified":"2017-11-27T17:20:32","modified_gmt":"2017-11-27T16:20:32","slug":"nuovi-limpianto-verniciatura-bicomponente-oltre-agli-hardware-software-progettazione","status":"publish","type":"page","link":"https:\/\/mascar.it\/it\/home\/nuovi-limpianto-verniciatura-bicomponente-oltre-agli-hardware-software-progettazione\/","title":{"rendered":"Nuovi l&#8217;impianto di verniciatura bicomponente oltre agli hardware e software di progettazione"},"content":{"rendered":"<p>Nello specifico, nel quadro della linea produttiva di Mascar, il presente progetto ha visto 2 principali interventi per l\u2019innovazione del processo produttivo:<\/p>\n<ul style=\"list-style-type: disc;\">\n<li>Innovazione nel processo e miglioramento tecnologico della fase di verniciatura delle macchine, ovvero la modifica dell\u2019attuale impianto di verniciatura da monocomponente al pi\u00f9 innovativo sistema a bicomponente. Gli interventi individuati per tale fase sono stati;<\/li>\n<li>Innovazione nel hardware e software di progettazione per una maggior efficacia dei processi di sviluppo industriale.<\/li>\n<\/ul>\n<p>Dal punto di vista cronologico l\u2019installazione dei nuovi gruppi di verniciatura \u00e8 iniziata fine febbraio 2017 e la produzione con il nuovo impianto \u00e8 iniziata il 15 marzo 2017.<\/p>\n<p>Il progetto svolto dall\u2019impresa \u00e8 coerente con l\u2019area di specializzazione intelligente della RIS 3 Veneto relativa al \u201cSmart Manufacturing\u201d e prevede l\u2019introduzione di tecnologie intelligenti all&#8217;interno dei sistemi di progettazione e produzione; il contributo corrisposto da parte della Regione \u00e8 stato di \u20ac\u00a062.896,50.<\/p>\n<p>Il progetto mira a ridurre l\u2019impatto ambientale e a migliorare la progettazione con tecnologie avanzate in quanto gli investimenti permettono una riduzione dei tempi di produzione e consegna a fronte di una maggiore qualit\u00e0 del prodotto finale.<\/p>\n<p>L\u2019impianto ha permesso di elevare il livello qualitativo dei prodotti Mascar rispetto allo stato dell\u2019arte in quanto il grado di resistenza della vernice a bicomponente \u00e8 molto pi\u00f9 elevato di quello a monocomponente precedentemente utilizzato. La resistenza della lavorazione a verniciatura \u00e8 aumentata di un 30-40%, mentre la resistenza alla perdita di colore (lucentezza e viraggio) \u00e8 aumentata del 50-60%. Inoltre, l\u2019impianto ha consentito una riduzione dei tempi di verniciatura di circa 10-15%.<\/p>\n<p>La seconda innovazione portata dall\u2019attuazione del progetto si \u00e8 concretizzata nell\u2019adozione del nuovo software di progettazione, rispetto la versione precedentemente in uso, ha permesso una progettazione pi\u00f9 veloce, affidabile consentendo di ottenere delle soluzioni tecnologiche innovative e pi\u00f9 affidabili sui prodotti, adattandosi sempre di pi\u00f9 alle esigenze non solo dei clienti ma anche dei mercati.<\/p>\n<ul>\n<li>energia risparmiata per anno: -85.000 KWh\/anno<\/li>\n<li>metano risparmiato per anno: &#8211; 36.751 MQ\/anno<\/li>\n<li>CO2 non immessa nell\u2019atmosfera (a) + (b): 56.300 CO2grm<\/li>\n<\/ul>\n<p><img loading=\"lazy\" decoding=\"async\" class=\"aligncenter wp-image-9881 size-full\" src=\"https:\/\/mascar.it\/wp-content\/uploads\/2017\/11\/banner-web-2.jpg\" alt=\"\" width=\"3033\" height=\"375\" srcset=\"https:\/\/mascar.it\/wp-content\/uploads\/2017\/11\/banner-web-2.jpg 3033w, https:\/\/mascar.it\/wp-content\/uploads\/2017\/11\/banner-web-2-300x37.jpg 300w, https:\/\/mascar.it\/wp-content\/uploads\/2017\/11\/banner-web-2-768x95.jpg 768w, https:\/\/mascar.it\/wp-content\/uploads\/2017\/11\/banner-web-2-1024x127.jpg 1024w\" sizes=\"(max-width: 3033px) 100vw, 3033px\" \/><\/p>\n","protected":false},"excerpt":{"rendered":"<p>Nello specifico, nel quadro della linea produttiva di Mascar, il presente progetto ha visto 2 principali interventi per l\u2019innovazione del processo produttivo: Innovazione nel processo e miglioramento tecnologico della fase di verniciatura delle macchine, ovvero la modifica dell\u2019attuale impianto di verniciatura da monocomponente al pi\u00f9 innovativo sistema a bicomponente. Gli interventi individuati per tale fase [&hellip;]<\/p>\n","protected":false},"author":2,"featured_media":0,"parent":2,"menu_order":46,"comment_status":"closed","ping_status":"closed","template":"","meta":{"_acf_changed":false,"footnotes":""},"acf":[],"yoast_head":"<!-- This site is optimized with the Yoast SEO plugin v24.2 - https:\/\/yoast.com\/wordpress\/plugins\/seo\/ -->\n<title>Nuovi l&#039;impianto di verniciatura bicomponente oltre agli hardware e software di progettazione - manufacturer of agricultural machines - Mascar<\/title>\n<meta name=\"robots\" content=\"index, follow, max-snippet:-1, max-image-preview:large, max-video-preview:-1\" \/>\n<link rel=\"canonical\" href=\"https:\/\/mascar.it\/home\/nuovi-limpianto-verniciatura-bicomponente-oltre-agli-hardware-software-progettazione\/\" \/>\n<meta property=\"og:locale\" content=\"it_IT\" \/>\n<meta property=\"og:type\" content=\"article\" \/>\n<meta property=\"og:title\" content=\"Nuovi l&#039;impianto di verniciatura bicomponente oltre agli hardware e software di progettazione - manufacturer of agricultural machines - Mascar\" \/>\n<meta property=\"og:description\" content=\"Nello specifico, nel quadro della linea produttiva di Mascar, il presente progetto ha visto 2 principali interventi per l\u2019innovazione del processo produttivo: Innovazione nel processo e miglioramento tecnologico della fase di verniciatura delle macchine, ovvero la modifica dell\u2019attuale impianto di verniciatura da monocomponente al pi\u00f9 innovativo sistema a bicomponente. Gli interventi individuati per tale fase [&hellip;]\" \/>\n<meta property=\"og:url\" content=\"https:\/\/mascar.it\/home\/nuovi-limpianto-verniciatura-bicomponente-oltre-agli-hardware-software-progettazione\/\" \/>\n<meta property=\"og:site_name\" content=\"Mascar\" \/>\n<meta property=\"article:modified_time\" content=\"2017-11-27T16:20:32+00:00\" \/>\n<meta property=\"og:image\" content=\"https:\/\/mascar.it\/wp-content\/uploads\/2017\/11\/banner-web-2.jpg\" \/>\n<meta name=\"twitter:card\" content=\"summary_large_image\" \/>\n<meta name=\"twitter:label1\" content=\"Tempo di lettura stimato\" \/>\n\t<meta name=\"twitter:data1\" content=\"2 minuti\" \/>\n<script type=\"application\/ld+json\" class=\"yoast-schema-graph\">{\"@context\":\"https:\/\/schema.org\",\"@graph\":[{\"@type\":\"WebPage\",\"@id\":\"https:\/\/mascar.it\/home\/nuovi-limpianto-verniciatura-bicomponente-oltre-agli-hardware-software-progettazione\/\",\"url\":\"https:\/\/mascar.it\/home\/nuovi-limpianto-verniciatura-bicomponente-oltre-agli-hardware-software-progettazione\/\",\"name\":\"Nuovi l'impianto di verniciatura bicomponente oltre agli hardware e software di progettazione - manufacturer of agricultural machines - Mascar\",\"isPartOf\":{\"@id\":\"https:\/\/mascar.it\/#website\"},\"primaryImageOfPage\":{\"@id\":\"https:\/\/mascar.it\/home\/nuovi-limpianto-verniciatura-bicomponente-oltre-agli-hardware-software-progettazione\/#primaryimage\"},\"image\":{\"@id\":\"https:\/\/mascar.it\/home\/nuovi-limpianto-verniciatura-bicomponente-oltre-agli-hardware-software-progettazione\/#primaryimage\"},\"thumbnailUrl\":\"https:\/\/mascar.it\/wp-content\/uploads\/2017\/11\/banner-web-2.jpg\",\"datePublished\":\"2017-11-27T10:58:35+00:00\",\"dateModified\":\"2017-11-27T16:20:32+00:00\",\"breadcrumb\":{\"@id\":\"https:\/\/mascar.it\/home\/nuovi-limpianto-verniciatura-bicomponente-oltre-agli-hardware-software-progettazione\/#breadcrumb\"},\"inLanguage\":\"it-IT\",\"potentialAction\":[{\"@type\":\"ReadAction\",\"target\":[\"https:\/\/mascar.it\/home\/nuovi-limpianto-verniciatura-bicomponente-oltre-agli-hardware-software-progettazione\/\"]}]},{\"@type\":\"ImageObject\",\"inLanguage\":\"it-IT\",\"@id\":\"https:\/\/mascar.it\/home\/nuovi-limpianto-verniciatura-bicomponente-oltre-agli-hardware-software-progettazione\/#primaryimage\",\"url\":\"https:\/\/mascar.it\/wp-content\/uploads\/2017\/11\/banner-web-2.jpg\",\"contentUrl\":\"https:\/\/mascar.it\/wp-content\/uploads\/2017\/11\/banner-web-2.jpg\"},{\"@type\":\"BreadcrumbList\",\"@id\":\"https:\/\/mascar.it\/home\/nuovi-limpianto-verniciatura-bicomponente-oltre-agli-hardware-software-progettazione\/#breadcrumb\",\"itemListElement\":[{\"@type\":\"ListItem\",\"position\":1,\"name\":\"Home\",\"item\":\"https:\/\/mascar.it\/it\/\"},{\"@type\":\"ListItem\",\"position\":2,\"name\":\"Home\",\"item\":\"https:\/\/mascar.it\/it\/\"},{\"@type\":\"ListItem\",\"position\":3,\"name\":\"Nuovi l&#8217;impianto di verniciatura bicomponente oltre agli hardware e software di progettazione\"}]},{\"@type\":\"WebSite\",\"@id\":\"https:\/\/mascar.it\/#website\",\"url\":\"https:\/\/mascar.it\/\",\"name\":\"Mascar\",\"description\":\"manufacturer of agricultural machines\",\"potentialAction\":[{\"@type\":\"SearchAction\",\"target\":{\"@type\":\"EntryPoint\",\"urlTemplate\":\"https:\/\/mascar.it\/?s={search_term_string}\"},\"query-input\":{\"@type\":\"PropertyValueSpecification\",\"valueRequired\":true,\"valueName\":\"search_term_string\"}}],\"inLanguage\":\"it-IT\"}]}<\/script>\n<!-- \/ Yoast SEO plugin. -->","yoast_head_json":{"title":"Nuovi l'impianto di verniciatura bicomponente oltre agli hardware e software di progettazione - manufacturer of agricultural machines - Mascar","robots":{"index":"index","follow":"follow","max-snippet":"max-snippet:-1","max-image-preview":"max-image-preview:large","max-video-preview":"max-video-preview:-1"},"canonical":"https:\/\/mascar.it\/home\/nuovi-limpianto-verniciatura-bicomponente-oltre-agli-hardware-software-progettazione\/","og_locale":"it_IT","og_type":"article","og_title":"Nuovi l'impianto di verniciatura bicomponente oltre agli hardware e software di progettazione - manufacturer of agricultural machines - Mascar","og_description":"Nello specifico, nel quadro della linea produttiva di Mascar, il presente progetto ha visto 2 principali interventi per l\u2019innovazione del processo produttivo: Innovazione nel processo e miglioramento tecnologico della fase di verniciatura delle macchine, ovvero la modifica dell\u2019attuale impianto di verniciatura da monocomponente al pi\u00f9 innovativo sistema a bicomponente. Gli interventi individuati per tale fase [&hellip;]","og_url":"https:\/\/mascar.it\/home\/nuovi-limpianto-verniciatura-bicomponente-oltre-agli-hardware-software-progettazione\/","og_site_name":"Mascar","article_modified_time":"2017-11-27T16:20:32+00:00","og_image":[{"url":"https:\/\/mascar.it\/wp-content\/uploads\/2017\/11\/banner-web-2.jpg","type":"","width":"","height":""}],"twitter_card":"summary_large_image","twitter_misc":{"Tempo di lettura stimato":"2 minuti"},"schema":{"@context":"https:\/\/schema.org","@graph":[{"@type":"WebPage","@id":"https:\/\/mascar.it\/home\/nuovi-limpianto-verniciatura-bicomponente-oltre-agli-hardware-software-progettazione\/","url":"https:\/\/mascar.it\/home\/nuovi-limpianto-verniciatura-bicomponente-oltre-agli-hardware-software-progettazione\/","name":"Nuovi l'impianto di verniciatura bicomponente oltre agli hardware e software di progettazione - manufacturer of agricultural machines - Mascar","isPartOf":{"@id":"https:\/\/mascar.it\/#website"},"primaryImageOfPage":{"@id":"https:\/\/mascar.it\/home\/nuovi-limpianto-verniciatura-bicomponente-oltre-agli-hardware-software-progettazione\/#primaryimage"},"image":{"@id":"https:\/\/mascar.it\/home\/nuovi-limpianto-verniciatura-bicomponente-oltre-agli-hardware-software-progettazione\/#primaryimage"},"thumbnailUrl":"https:\/\/mascar.it\/wp-content\/uploads\/2017\/11\/banner-web-2.jpg","datePublished":"2017-11-27T10:58:35+00:00","dateModified":"2017-11-27T16:20:32+00:00","breadcrumb":{"@id":"https:\/\/mascar.it\/home\/nuovi-limpianto-verniciatura-bicomponente-oltre-agli-hardware-software-progettazione\/#breadcrumb"},"inLanguage":"it-IT","potentialAction":[{"@type":"ReadAction","target":["https:\/\/mascar.it\/home\/nuovi-limpianto-verniciatura-bicomponente-oltre-agli-hardware-software-progettazione\/"]}]},{"@type":"ImageObject","inLanguage":"it-IT","@id":"https:\/\/mascar.it\/home\/nuovi-limpianto-verniciatura-bicomponente-oltre-agli-hardware-software-progettazione\/#primaryimage","url":"https:\/\/mascar.it\/wp-content\/uploads\/2017\/11\/banner-web-2.jpg","contentUrl":"https:\/\/mascar.it\/wp-content\/uploads\/2017\/11\/banner-web-2.jpg"},{"@type":"BreadcrumbList","@id":"https:\/\/mascar.it\/home\/nuovi-limpianto-verniciatura-bicomponente-oltre-agli-hardware-software-progettazione\/#breadcrumb","itemListElement":[{"@type":"ListItem","position":1,"name":"Home","item":"https:\/\/mascar.it\/it\/"},{"@type":"ListItem","position":2,"name":"Home","item":"https:\/\/mascar.it\/it\/"},{"@type":"ListItem","position":3,"name":"Nuovi l&#8217;impianto di verniciatura bicomponente oltre agli hardware e software di progettazione"}]},{"@type":"WebSite","@id":"https:\/\/mascar.it\/#website","url":"https:\/\/mascar.it\/","name":"Mascar","description":"manufacturer of agricultural machines","potentialAction":[{"@type":"SearchAction","target":{"@type":"EntryPoint","urlTemplate":"https:\/\/mascar.it\/?s={search_term_string}"},"query-input":{"@type":"PropertyValueSpecification","valueRequired":true,"valueName":"search_term_string"}}],"inLanguage":"it-IT"}]}},"_links":{"self":[{"href":"https:\/\/mascar.it\/it\/wp-json\/wp\/v2\/pages\/9872"}],"collection":[{"href":"https:\/\/mascar.it\/it\/wp-json\/wp\/v2\/pages"}],"about":[{"href":"https:\/\/mascar.it\/it\/wp-json\/wp\/v2\/types\/page"}],"author":[{"embeddable":true,"href":"https:\/\/mascar.it\/it\/wp-json\/wp\/v2\/users\/2"}],"replies":[{"embeddable":true,"href":"https:\/\/mascar.it\/it\/wp-json\/wp\/v2\/comments?post=9872"}],"version-history":[{"count":9,"href":"https:\/\/mascar.it\/it\/wp-json\/wp\/v2\/pages\/9872\/revisions"}],"predecessor-version":[{"id":9889,"href":"https:\/\/mascar.it\/it\/wp-json\/wp\/v2\/pages\/9872\/revisions\/9889"}],"up":[{"embeddable":true,"href":"https:\/\/mascar.it\/it\/wp-json\/wp\/v2\/pages\/2"}],"wp:attachment":[{"href":"https:\/\/mascar.it\/it\/wp-json\/wp\/v2\/media?parent=9872"}],"curies":[{"name":"wp","href":"https:\/\/api.w.org\/{rel}","templated":true}]}}