{"id":14078,"date":"2019-04-09T09:43:42","date_gmt":"2019-04-09T07:43:42","guid":{"rendered":"https:\/\/mascar.it\/?page_id=14078"},"modified":"2020-01-27T14:51:22","modified_gmt":"2020-01-27T13:51:22","slug":"flex-evo","status":"publish","type":"page","link":"https:\/\/mascar.it\/pl\/flex-evo\/","title":{"rendered":"Flex-Evo"},"content":{"rendered":"<p>W praktyce pozwalaj\u0105 na prac\u0119\u00a0 od 45 cm w odst\u0119pach co 5 cm maksymalnie do 75 cm mi\u0119dzy rz\u0119dami.<\/p>\n<p><strong>FLEX-EVO<\/strong> ma zatem niew\u0105tpliw\u0105 zalet\u0119 , \u017ce mo\u017ce wysia\u0107 wi\u0119cej rodzaj\u00f3w ro\u015blin za pomoc\u0105 jednego siewnika, wystarczy zmieni\u0107 tarcze wybieraj\u0105c z dost\u0119pnych.<\/p>\n<p><img decoding=\"async\" src=\"https:\/\/mascar.it\/wp-content\/uploads\/2019\/03\/00_telaio_Flex.jpg\" \/><\/p>\n<p><strong>FLEX-EVO<\/strong> mo\u017ce by\u0107 wyposa\u017cony w <a href=\"https:\/\/mascar.it\/pl\/krotka-sekcja-wysiewajaca-dla-pielniki-pneumatyczne-miedzyrzedowe\/\" target=\"_blank\" rel=\"noopener\"><strong><span style=\"color: #ff0000;\">Kr\u00f3tka sekcja wysiewaj\u0105ca<\/span><\/strong><\/a>: Nowa wersja sekcji o mocnej konstrukcji w kszta\u0142cie rownoleg\u0142oboku jest obecnie dost\u0119pna dla modelu MAXI. Jest to idealny wybor je\u015bli chodzi redukcj\u0119 obci\u0105\u017cenia powodowanego przez maszyn\u0119 zawieszon\u0105 z ty\u0142u ci\u0105gnika.<\/p>\n<p>Dost\u0119pne konfiguracje maszyny to<\/p>\n<p><strong>6 rz\u0119d\u00f3w 45-75 cm<\/strong><\/p>\n<p><strong>7 rz\u0119d\u00f3w 45-75 cm<\/strong><\/p>\n<p><strong>8 rz\u0119d\u00f3w 45-75 cm<\/strong><\/p>\n<p><strong>9 rz\u0119d\u00f3w 45-75 cm<\/strong><\/p>\n<p><iframe loading=\"lazy\" src=\"\/\/www.youtube.com\/embed\/pJzG1-6ZCQc\" width=\"560\" height=\"314\" allowfullscreen=\"allowfullscreen\"><\/iframe><\/p>\n","protected":false},"excerpt":{"rendered":"<p>W praktyce pozwalaj\u0105 na prac\u0119\u00a0 od 45 cm w odst\u0119pach co 5 cm maksymalnie do 75 cm mi\u0119dzy rz\u0119dami. FLEX-EVO ma zatem niew\u0105tpliw\u0105 zalet\u0119 , \u017ce mo\u017ce wysia\u0107 wi\u0119cej rodzaj\u00f3w ro\u015blin za pomoc\u0105 jednego siewnika, wystarczy zmieni\u0107 tarcze wybieraj\u0105c z dost\u0119pnych. FLEX-EVO mo\u017ce by\u0107 wyposa\u017cony w Kr\u00f3tka sekcja wysiewaj\u0105ca: Nowa wersja sekcji o mocnej konstrukcji [&hellip;]<\/p>\n","protected":false},"author":2,"featured_media":14740,"parent":0,"menu_order":29,"comment_status":"closed","ping_status":"closed","template":"","meta":{"_acf_changed":false,"footnotes":""},"acf":[],"yoast_head":"<!-- This site is optimized with the Yoast SEO plugin v24.2 - https:\/\/yoast.com\/wordpress\/plugins\/seo\/ -->\n<title>Flex-Evo - manufacturer of agricultural machines - Mascar<\/title>\n<meta name=\"robots\" content=\"index, follow, max-snippet:-1, max-image-preview:large, max-video-preview:-1\" \/>\n<link rel=\"canonical\" href=\"https:\/\/mascar.it\/flex-evo\/\" \/>\n<meta property=\"og:locale\" content=\"pl_PL\" \/>\n<meta property=\"og:type\" content=\"article\" \/>\n<meta property=\"og:title\" content=\"Flex-Evo - manufacturer of agricultural machines - Mascar\" \/>\n<meta property=\"og:description\" content=\"W praktyce pozwalaj\u0105 na prac\u0119\u00a0 od 45 cm w odst\u0119pach co 5 cm maksymalnie do 75 cm mi\u0119dzy rz\u0119dami. FLEX-EVO ma zatem niew\u0105tpliw\u0105 zalet\u0119 , \u017ce mo\u017ce wysia\u0107 wi\u0119cej rodzaj\u00f3w ro\u015blin za pomoc\u0105 jednego siewnika, wystarczy zmieni\u0107 tarcze wybieraj\u0105c z dost\u0119pnych. FLEX-EVO mo\u017ce by\u0107 wyposa\u017cony w Kr\u00f3tka sekcja wysiewaj\u0105ca: Nowa wersja sekcji o mocnej konstrukcji [&hellip;]\" \/>\n<meta property=\"og:url\" content=\"https:\/\/mascar.it\/flex-evo\/\" \/>\n<meta property=\"og:site_name\" content=\"Mascar\" \/>\n<meta property=\"article:modified_time\" content=\"2020-01-27T13:51:22+00:00\" \/>\n<meta property=\"og:image\" content=\"https:\/\/mascar.it\/wp-content\/uploads\/2020\/01\/00_mascar_flexevo_web_1.jpg\" \/>\n\t<meta property=\"og:image:width\" content=\"800\" \/>\n\t<meta property=\"og:image:height\" content=\"687\" \/>\n\t<meta property=\"og:image:type\" content=\"image\/jpeg\" \/>\n<meta name=\"twitter:card\" content=\"summary_large_image\" \/>\n<meta name=\"twitter:label1\" content=\"Szacowany czas czytania\" \/>\n\t<meta name=\"twitter:data1\" content=\"1 minuta\" \/>\n<script type=\"application\/ld+json\" class=\"yoast-schema-graph\">{\"@context\":\"https:\/\/schema.org\",\"@graph\":[{\"@type\":\"WebPage\",\"@id\":\"https:\/\/mascar.it\/flex-evo\/\",\"url\":\"https:\/\/mascar.it\/flex-evo\/\",\"name\":\"Flex-Evo - manufacturer of agricultural machines - Mascar\",\"isPartOf\":{\"@id\":\"https:\/\/mascar.it\/#website\"},\"primaryImageOfPage\":{\"@id\":\"https:\/\/mascar.it\/flex-evo\/#primaryimage\"},\"image\":{\"@id\":\"https:\/\/mascar.it\/flex-evo\/#primaryimage\"},\"thumbnailUrl\":\"https:\/\/mascar.it\/wp-content\/uploads\/2020\/01\/00_mascar_flexevo_web_1.jpg\",\"datePublished\":\"2019-04-09T07:43:42+00:00\",\"dateModified\":\"2020-01-27T13:51:22+00:00\",\"breadcrumb\":{\"@id\":\"https:\/\/mascar.it\/flex-evo\/#breadcrumb\"},\"inLanguage\":\"pl-PL\",\"potentialAction\":[{\"@type\":\"ReadAction\",\"target\":[\"https:\/\/mascar.it\/flex-evo\/\"]}]},{\"@type\":\"ImageObject\",\"inLanguage\":\"pl-PL\",\"@id\":\"https:\/\/mascar.it\/flex-evo\/#primaryimage\",\"url\":\"https:\/\/mascar.it\/wp-content\/uploads\/2020\/01\/00_mascar_flexevo_web_1.jpg\",\"contentUrl\":\"https:\/\/mascar.it\/wp-content\/uploads\/2020\/01\/00_mascar_flexevo_web_1.jpg\",\"width\":800,\"height\":687},{\"@type\":\"BreadcrumbList\",\"@id\":\"https:\/\/mascar.it\/flex-evo\/#breadcrumb\",\"itemListElement\":[{\"@type\":\"ListItem\",\"position\":1,\"name\":\"Home\",\"item\":\"https:\/\/mascar.it\/pl\/\"},{\"@type\":\"ListItem\",\"position\":2,\"name\":\"Flex-Evo\"}]},{\"@type\":\"WebSite\",\"@id\":\"https:\/\/mascar.it\/#website\",\"url\":\"https:\/\/mascar.it\/\",\"name\":\"Mascar\",\"description\":\"manufacturer of agricultural machines\",\"potentialAction\":[{\"@type\":\"SearchAction\",\"target\":{\"@type\":\"EntryPoint\",\"urlTemplate\":\"https:\/\/mascar.it\/?s={search_term_string}\"},\"query-input\":{\"@type\":\"PropertyValueSpecification\",\"valueRequired\":true,\"valueName\":\"search_term_string\"}}],\"inLanguage\":\"pl-PL\"}]}<\/script>\n<!-- \/ Yoast SEO plugin. -->","yoast_head_json":{"title":"Flex-Evo - manufacturer of agricultural machines - Mascar","robots":{"index":"index","follow":"follow","max-snippet":"max-snippet:-1","max-image-preview":"max-image-preview:large","max-video-preview":"max-video-preview:-1"},"canonical":"https:\/\/mascar.it\/flex-evo\/","og_locale":"pl_PL","og_type":"article","og_title":"Flex-Evo - manufacturer of agricultural machines - Mascar","og_description":"W praktyce pozwalaj\u0105 na prac\u0119\u00a0 od 45 cm w odst\u0119pach co 5 cm maksymalnie do 75 cm mi\u0119dzy rz\u0119dami. FLEX-EVO ma zatem niew\u0105tpliw\u0105 zalet\u0119 , \u017ce mo\u017ce wysia\u0107 wi\u0119cej rodzaj\u00f3w ro\u015blin za pomoc\u0105 jednego siewnika, wystarczy zmieni\u0107 tarcze wybieraj\u0105c z dost\u0119pnych. FLEX-EVO mo\u017ce by\u0107 wyposa\u017cony w Kr\u00f3tka sekcja wysiewaj\u0105ca: Nowa wersja sekcji o mocnej konstrukcji [&hellip;]","og_url":"https:\/\/mascar.it\/flex-evo\/","og_site_name":"Mascar","article_modified_time":"2020-01-27T13:51:22+00:00","og_image":[{"width":800,"height":687,"url":"https:\/\/mascar.it\/wp-content\/uploads\/2020\/01\/00_mascar_flexevo_web_1.jpg","type":"image\/jpeg"}],"twitter_card":"summary_large_image","twitter_misc":{"Szacowany czas czytania":"1 minuta"},"schema":{"@context":"https:\/\/schema.org","@graph":[{"@type":"WebPage","@id":"https:\/\/mascar.it\/flex-evo\/","url":"https:\/\/mascar.it\/flex-evo\/","name":"Flex-Evo - manufacturer of agricultural machines - Mascar","isPartOf":{"@id":"https:\/\/mascar.it\/#website"},"primaryImageOfPage":{"@id":"https:\/\/mascar.it\/flex-evo\/#primaryimage"},"image":{"@id":"https:\/\/mascar.it\/flex-evo\/#primaryimage"},"thumbnailUrl":"https:\/\/mascar.it\/wp-content\/uploads\/2020\/01\/00_mascar_flexevo_web_1.jpg","datePublished":"2019-04-09T07:43:42+00:00","dateModified":"2020-01-27T13:51:22+00:00","breadcrumb":{"@id":"https:\/\/mascar.it\/flex-evo\/#breadcrumb"},"inLanguage":"pl-PL","potentialAction":[{"@type":"ReadAction","target":["https:\/\/mascar.it\/flex-evo\/"]}]},{"@type":"ImageObject","inLanguage":"pl-PL","@id":"https:\/\/mascar.it\/flex-evo\/#primaryimage","url":"https:\/\/mascar.it\/wp-content\/uploads\/2020\/01\/00_mascar_flexevo_web_1.jpg","contentUrl":"https:\/\/mascar.it\/wp-content\/uploads\/2020\/01\/00_mascar_flexevo_web_1.jpg","width":800,"height":687},{"@type":"BreadcrumbList","@id":"https:\/\/mascar.it\/flex-evo\/#breadcrumb","itemListElement":[{"@type":"ListItem","position":1,"name":"Home","item":"https:\/\/mascar.it\/pl\/"},{"@type":"ListItem","position":2,"name":"Flex-Evo"}]},{"@type":"WebSite","@id":"https:\/\/mascar.it\/#website","url":"https:\/\/mascar.it\/","name":"Mascar","description":"manufacturer of agricultural machines","potentialAction":[{"@type":"SearchAction","target":{"@type":"EntryPoint","urlTemplate":"https:\/\/mascar.it\/?s={search_term_string}"},"query-input":{"@type":"PropertyValueSpecification","valueRequired":true,"valueName":"search_term_string"}}],"inLanguage":"pl-PL"}]}},"_links":{"self":[{"href":"https:\/\/mascar.it\/pl\/wp-json\/wp\/v2\/pages\/14078"}],"collection":[{"href":"https:\/\/mascar.it\/pl\/wp-json\/wp\/v2\/pages"}],"about":[{"href":"https:\/\/mascar.it\/pl\/wp-json\/wp\/v2\/types\/page"}],"author":[{"embeddable":true,"href":"https:\/\/mascar.it\/pl\/wp-json\/wp\/v2\/users\/2"}],"replies":[{"embeddable":true,"href":"https:\/\/mascar.it\/pl\/wp-json\/wp\/v2\/comments?post=14078"}],"version-history":[{"count":3,"href":"https:\/\/mascar.it\/pl\/wp-json\/wp\/v2\/pages\/14078\/revisions"}],"predecessor-version":[{"id":14754,"href":"https:\/\/mascar.it\/pl\/wp-json\/wp\/v2\/pages\/14078\/revisions\/14754"}],"wp:featuredmedia":[{"embeddable":true,"href":"https:\/\/mascar.it\/pl\/wp-json\/wp\/v2\/media\/14740"}],"wp:attachment":[{"href":"https:\/\/mascar.it\/pl\/wp-json\/wp\/v2\/media?parent=14078"}],"curies":[{"name":"wp","href":"https:\/\/api.w.org\/{rel}","templated":true}]}}