{"id":2680,"date":"2016-08-17T16:08:59","date_gmt":"2016-08-17T14:08:59","guid":{"rendered":"https:\/\/mascar.it\/pl\/reserved\/"},"modified":"2026-04-13T13:32:01","modified_gmt":"2026-04-13T11:32:01","slug":"reserved","status":"publish","type":"page","link":"https:\/\/mascar.it\/pl\/reserved\/","title":{"rendered":"Reserved"},"content":{"rendered":"<p>(Zastrze\u017cony dla klient\u00f3w f-my Mascar)<\/p>\n<p>Obszar chroniony strony internetowej f-my Mascar obejmuje: cenniki, listy cz\u0119\u015bci zamiennych, widoki rozwini\u0119te cz\u0119\u015bci zamiennych oraz r\u00f3\u017cne formularze w formacie PDF.<br \/>\nPrzy pomocy tych samych danych logowania mo\u017cesz wej\u015b\u0107 tak\u017ce w obszar Serwisu cz\u0119\u015bci zamiennych.<br \/>\nPobierz instrukcje logowania tutaj:<br \/>\n<img decoding=\"async\" src=\"https:\/\/mascar.it\/wp-content\/uploads\/2019\/03\/freccia.png\" \/><\/p>\n<h6><a href=\"https:\/\/mascar.it\/wp-content\/uploads\/2017\/08\/D00001PL-WEBSITE-REGISTRATION.pdf\" target=\"_blank\" rel=\"noopener noreferrer\"><strong>INSTRUKCJE LOGOWANIA<\/strong><\/a><\/h6>\n","protected":false},"excerpt":{"rendered":"<p>(Zastrze\u017cony dla klient\u00f3w f-my Mascar) Obszar chroniony strony internetowej f-my Mascar obejmuje: cenniki, listy cz\u0119\u015bci zamiennych, widoki rozwini\u0119te cz\u0119\u015bci zamiennych oraz r\u00f3\u017cne formularze w formacie PDF. Przy pomocy tych samych danych logowania mo\u017cesz wej\u015b\u0107 tak\u017ce w obszar Serwisu cz\u0119\u015bci zamiennych. Pobierz instrukcje logowania tutaj: INSTRUKCJE LOGOWANIA<\/p>\n","protected":false},"author":3,"featured_media":0,"parent":0,"menu_order":63,"comment_status":"closed","ping_status":"closed","template":"areariservata.php","meta":{"_acf_changed":false,"footnotes":""},"acf":[],"yoast_head":"<!-- This site is optimized with the Yoast SEO plugin v24.2 - https:\/\/yoast.com\/wordpress\/plugins\/seo\/ -->\n<title>Reserved - manufacturer of agricultural machines - Mascar<\/title>\n<meta name=\"robots\" content=\"index, follow, max-snippet:-1, max-image-preview:large, max-video-preview:-1\" \/>\n<link rel=\"canonical\" href=\"https:\/\/mascar.it\/pl\/reserved\/\" \/>\n<meta property=\"og:locale\" content=\"pl_PL\" \/>\n<meta property=\"og:type\" content=\"article\" \/>\n<meta property=\"og:title\" content=\"Reserved - manufacturer of agricultural machines - Mascar\" \/>\n<meta property=\"og:description\" content=\"(Zastrze\u017cony dla klient\u00f3w f-my Mascar) Obszar chroniony strony internetowej f-my Mascar obejmuje: cenniki, listy cz\u0119\u015bci zamiennych, widoki rozwini\u0119te cz\u0119\u015bci zamiennych oraz r\u00f3\u017cne formularze w formacie PDF. Przy pomocy tych samych danych logowania mo\u017cesz wej\u015b\u0107 tak\u017ce w obszar Serwisu cz\u0119\u015bci zamiennych. Pobierz instrukcje logowania tutaj: INSTRUKCJE LOGOWANIA\" \/>\n<meta property=\"og:url\" content=\"https:\/\/mascar.it\/pl\/reserved\/\" \/>\n<meta property=\"og:site_name\" content=\"Mascar\" \/>\n<meta property=\"article:modified_time\" content=\"2026-04-13T11:32:01+00:00\" \/>\n<meta property=\"og:image\" content=\"https:\/\/mascar.it\/wp-content\/uploads\/2019\/03\/freccia.png\" \/>\n<meta name=\"twitter:card\" content=\"summary_large_image\" \/>\n<meta name=\"twitter:label1\" content=\"Szacowany czas czytania\" \/>\n\t<meta name=\"twitter:data1\" content=\"1 minuta\" \/>\n<script type=\"application\/ld+json\" class=\"yoast-schema-graph\">{\"@context\":\"https:\/\/schema.org\",\"@graph\":[{\"@type\":\"WebPage\",\"@id\":\"https:\/\/mascar.it\/pl\/reserved\/\",\"url\":\"https:\/\/mascar.it\/pl\/reserved\/\",\"name\":\"Reserved - manufacturer of agricultural machines - Mascar\",\"isPartOf\":{\"@id\":\"https:\/\/mascar.it\/#website\"},\"primaryImageOfPage\":{\"@id\":\"https:\/\/mascar.it\/pl\/reserved\/#primaryimage\"},\"image\":{\"@id\":\"https:\/\/mascar.it\/pl\/reserved\/#primaryimage\"},\"thumbnailUrl\":\"https:\/\/mascar.it\/wp-content\/uploads\/2019\/03\/freccia.png\",\"datePublished\":\"2016-08-17T14:08:59+00:00\",\"dateModified\":\"2026-04-13T11:32:01+00:00\",\"breadcrumb\":{\"@id\":\"https:\/\/mascar.it\/pl\/reserved\/#breadcrumb\"},\"inLanguage\":\"pl-PL\",\"potentialAction\":[{\"@type\":\"ReadAction\",\"target\":[\"https:\/\/mascar.it\/pl\/reserved\/\"]}]},{\"@type\":\"ImageObject\",\"inLanguage\":\"pl-PL\",\"@id\":\"https:\/\/mascar.it\/pl\/reserved\/#primaryimage\",\"url\":\"https:\/\/mascar.it\/wp-content\/uploads\/2019\/03\/freccia.png\",\"contentUrl\":\"https:\/\/mascar.it\/wp-content\/uploads\/2019\/03\/freccia.png\"},{\"@type\":\"BreadcrumbList\",\"@id\":\"https:\/\/mascar.it\/pl\/reserved\/#breadcrumb\",\"itemListElement\":[{\"@type\":\"ListItem\",\"position\":1,\"name\":\"Home\",\"item\":\"https:\/\/mascar.it\/pl\/\"},{\"@type\":\"ListItem\",\"position\":2,\"name\":\"Reserved\"}]},{\"@type\":\"WebSite\",\"@id\":\"https:\/\/mascar.it\/#website\",\"url\":\"https:\/\/mascar.it\/\",\"name\":\"Mascar\",\"description\":\"manufacturer of agricultural machines\",\"potentialAction\":[{\"@type\":\"SearchAction\",\"target\":{\"@type\":\"EntryPoint\",\"urlTemplate\":\"https:\/\/mascar.it\/?s={search_term_string}\"},\"query-input\":{\"@type\":\"PropertyValueSpecification\",\"valueRequired\":true,\"valueName\":\"search_term_string\"}}],\"inLanguage\":\"pl-PL\"}]}<\/script>\n<!-- \/ Yoast SEO plugin. -->","yoast_head_json":{"title":"Reserved - manufacturer of agricultural machines - Mascar","robots":{"index":"index","follow":"follow","max-snippet":"max-snippet:-1","max-image-preview":"max-image-preview:large","max-video-preview":"max-video-preview:-1"},"canonical":"https:\/\/mascar.it\/pl\/reserved\/","og_locale":"pl_PL","og_type":"article","og_title":"Reserved - manufacturer of agricultural machines - Mascar","og_description":"(Zastrze\u017cony dla klient\u00f3w f-my Mascar) Obszar chroniony strony internetowej f-my Mascar obejmuje: cenniki, listy cz\u0119\u015bci zamiennych, widoki rozwini\u0119te cz\u0119\u015bci zamiennych oraz r\u00f3\u017cne formularze w formacie PDF. Przy pomocy tych samych danych logowania mo\u017cesz wej\u015b\u0107 tak\u017ce w obszar Serwisu cz\u0119\u015bci zamiennych. Pobierz instrukcje logowania tutaj: INSTRUKCJE LOGOWANIA","og_url":"https:\/\/mascar.it\/pl\/reserved\/","og_site_name":"Mascar","article_modified_time":"2026-04-13T11:32:01+00:00","og_image":[{"url":"https:\/\/mascar.it\/wp-content\/uploads\/2019\/03\/freccia.png","type":"","width":"","height":""}],"twitter_card":"summary_large_image","twitter_misc":{"Szacowany czas czytania":"1 minuta"},"schema":{"@context":"https:\/\/schema.org","@graph":[{"@type":"WebPage","@id":"https:\/\/mascar.it\/pl\/reserved\/","url":"https:\/\/mascar.it\/pl\/reserved\/","name":"Reserved - manufacturer of agricultural machines - Mascar","isPartOf":{"@id":"https:\/\/mascar.it\/#website"},"primaryImageOfPage":{"@id":"https:\/\/mascar.it\/pl\/reserved\/#primaryimage"},"image":{"@id":"https:\/\/mascar.it\/pl\/reserved\/#primaryimage"},"thumbnailUrl":"https:\/\/mascar.it\/wp-content\/uploads\/2019\/03\/freccia.png","datePublished":"2016-08-17T14:08:59+00:00","dateModified":"2026-04-13T11:32:01+00:00","breadcrumb":{"@id":"https:\/\/mascar.it\/pl\/reserved\/#breadcrumb"},"inLanguage":"pl-PL","potentialAction":[{"@type":"ReadAction","target":["https:\/\/mascar.it\/pl\/reserved\/"]}]},{"@type":"ImageObject","inLanguage":"pl-PL","@id":"https:\/\/mascar.it\/pl\/reserved\/#primaryimage","url":"https:\/\/mascar.it\/wp-content\/uploads\/2019\/03\/freccia.png","contentUrl":"https:\/\/mascar.it\/wp-content\/uploads\/2019\/03\/freccia.png"},{"@type":"BreadcrumbList","@id":"https:\/\/mascar.it\/pl\/reserved\/#breadcrumb","itemListElement":[{"@type":"ListItem","position":1,"name":"Home","item":"https:\/\/mascar.it\/pl\/"},{"@type":"ListItem","position":2,"name":"Reserved"}]},{"@type":"WebSite","@id":"https:\/\/mascar.it\/#website","url":"https:\/\/mascar.it\/","name":"Mascar","description":"manufacturer of agricultural machines","potentialAction":[{"@type":"SearchAction","target":{"@type":"EntryPoint","urlTemplate":"https:\/\/mascar.it\/?s={search_term_string}"},"query-input":{"@type":"PropertyValueSpecification","valueRequired":true,"valueName":"search_term_string"}}],"inLanguage":"pl-PL"}]}},"_links":{"self":[{"href":"https:\/\/mascar.it\/pl\/wp-json\/wp\/v2\/pages\/2680"}],"collection":[{"href":"https:\/\/mascar.it\/pl\/wp-json\/wp\/v2\/pages"}],"about":[{"href":"https:\/\/mascar.it\/pl\/wp-json\/wp\/v2\/types\/page"}],"author":[{"embeddable":true,"href":"https:\/\/mascar.it\/pl\/wp-json\/wp\/v2\/users\/3"}],"replies":[{"embeddable":true,"href":"https:\/\/mascar.it\/pl\/wp-json\/wp\/v2\/comments?post=2680"}],"version-history":[{"count":52,"href":"https:\/\/mascar.it\/pl\/wp-json\/wp\/v2\/pages\/2680\/revisions"}],"predecessor-version":[{"id":43802,"href":"https:\/\/mascar.it\/pl\/wp-json\/wp\/v2\/pages\/2680\/revisions\/43802"}],"wp:attachment":[{"href":"https:\/\/mascar.it\/pl\/wp-json\/wp\/v2\/media?parent=2680"}],"curies":[{"name":"wp","href":"https:\/\/api.w.org\/{rel}","templated":true}]}}