{"id":497,"date":"2016-07-19T17:00:30","date_gmt":"2016-07-19T15:00:30","guid":{"rendered":"https:\/\/mascar.it\/pl\/company\/"},"modified":"2019-03-05T17:28:54","modified_gmt":"2019-03-05T16:28:54","slug":"przedsirbiorstwo","status":"publish","type":"page","link":"https:\/\/mascar.it\/pl\/przedsirbiorstwo\/","title":{"rendered":"Przedsi\u0119biorstwo"},"content":{"rendered":"<blockquote><p>Maszyny rolnicze zawsze by\u0142y moj\u0105 pasj\u0105 i w ci\u0105gu d\u0142ugich lat pracy w tej dziedzinie odwiedzaj\u0105c r\u00f3\u017cne kraje \u015bwiata przekona\u0142em si\u0119, \u017ce je\u015bli firma jest rzetelna, produkuje wyroby dobrej jako\u015bci i ma na wzgl\u0119dzie przede wszystkim zadowolenie u\u017cytkownik\u00f3w swoich wyrob\u00f3w, to z pewno\u015bci\u0105 odniesie sukces na polu mechanizacji rolnictwa. To w\u0142a\u015bnie stara\u0142em si\u0119 przekaza\u0107 moim synom, a tak\u017ce moim pracownikom.<\/p>\n<p><span style=\"color: #000000;\"><b>Antonio Maschio<\/b><\/span><br \/>\nZa\u0142o\u017cyciel Mascar S.p.a.<\/p><\/blockquote>\n<p style=\"text-align: left;\">W dw\u00f3ch fabrykach zlokalizowanych obok siebie na \u0142\u0105cznej powierzchni 27.000 m. kw. produkujemy 95% naszych urz\u0105dze\u0144 a poszczeg\u00f3lne etapy produkcji wszystkich cz\u0119\u015bci obejmuj\u0105ce ci\u0119cie laserowe, gi\u0119cie i spawanie blach, lakierowanie oraz monta\u017c ko\u0144cowy a tak\u017ce sk\u0142adowanie w zautomatyzowanym magazynie cz\u0119\u015bci zamiennych s\u0105 obj\u0119te \u015bcis\u0142\u0105 kontrol\u0105 jako\u015bci, dzi\u0119ki czemu mo\u017cemy zapewni\u0107 satysfakcj\u0119 naszych klient\u00f3w oferuj\u0105c im godne zaufania produkty i ograniczaj\u0105c czas realizacji sk\u0142adanych zam\u00f3wie\u0144.Zesp\u00f3\u0142 naszych konstruktor\u00f3w nieustannie pracuje nad sposobami poprawy wydajno\u015bci pracy naszych produkt\u00f3w z uwzgl\u0119dnieniem najnowszych technologii zar\u00f3wno w zakresie ochrony \u015brodowiska jak i skr\u00f3cenia czasu wykonywania prac polowych.<br \/>\nObecnie 80% naszej produkcji trafia na rynki 35 kraj\u00f3w \u015bwiata.<\/p>\n<p>&nbsp;<\/p>\n<hr \/>\n<p>&nbsp;<\/p>\n<p style=\"text-align: left;\">Nasze cele s\u0105 proste i jasno sprecyzowane:<br \/>\n&#8211; oferowa\u0107 odbiorcom produkty o jak najkorzystniejszym stosunku jako\u015bci do ceny;<br \/>\n&#8211; nadal rozwija\u0107 produkty, w taki spos\u00f3b, aby nasza marka jednoznacznie kojarzy\u0142a si\u0119 z niezawodno\u015bci\u0105;<br \/>\n&#8211; nale\u017cycie dba\u0107 o klient\u00f3w, zapewniaj\u0105c im efektywn\u0105 obs\u0142ug\u0119 posprzeda\u017cow\u0105 oraz doskona\u0142y serwis techniczny.<\/p>\n<p>&nbsp;<\/p>\n<p style=\"text-align: center;\"><strong>Pami\u0119taj\u0105c o powy\u017cszych zapewnieniach, mo\u017cemy jednocze\u015bnie z ca\u0142\u0105 pewno\u015bci\u0105 stwierdzi\u0107, \u017ce:<\/strong><\/p>\n<p>&nbsp;<\/p>\n<h2 style=\"text-align: center;\"><strong>&#8222;\u017badne wielkie osi\u0105gni\u0119cie na tym \u015bwiecie nie by\u0142oby mo\u017cliwe bez pasji&#8221;<\/strong><\/h2>\n","protected":false},"excerpt":{"rendered":"<p>Maszyny rolnicze zawsze by\u0142y moj\u0105 pasj\u0105 i w ci\u0105gu d\u0142ugich lat pracy w tej dziedzinie odwiedzaj\u0105c r\u00f3\u017cne kraje \u015bwiata przekona\u0142em si\u0119, \u017ce je\u015bli firma jest rzetelna, produkuje wyroby dobrej jako\u015bci i ma na wzgl\u0119dzie przede wszystkim zadowolenie u\u017cytkownik\u00f3w swoich wyrob\u00f3w, to z pewno\u015bci\u0105 odniesie sukces na polu mechanizacji rolnictwa. To w\u0142a\u015bnie stara\u0142em si\u0119 przekaza\u0107 moim [&hellip;]<\/p>\n","protected":false},"author":3,"featured_media":0,"parent":0,"menu_order":81,"comment_status":"closed","ping_status":"closed","template":"","meta":{"_acf_changed":false,"footnotes":""},"acf":[],"yoast_head":"<!-- This site is optimized with the Yoast SEO plugin v24.2 - https:\/\/yoast.com\/wordpress\/plugins\/seo\/ -->\n<title>Przedsi\u0119biorstwo - manufacturer of agricultural machines - Mascar<\/title>\n<meta name=\"robots\" content=\"index, follow, max-snippet:-1, max-image-preview:large, max-video-preview:-1\" \/>\n<link rel=\"canonical\" href=\"https:\/\/mascar.it\/pl\/przedsirbiorstwo\/\" \/>\n<meta property=\"og:locale\" content=\"pl_PL\" \/>\n<meta property=\"og:type\" content=\"article\" \/>\n<meta property=\"og:title\" content=\"Przedsi\u0119biorstwo - manufacturer of agricultural machines - Mascar\" \/>\n<meta property=\"og:description\" content=\"Maszyny rolnicze zawsze by\u0142y moj\u0105 pasj\u0105 i w ci\u0105gu d\u0142ugich lat pracy w tej dziedzinie odwiedzaj\u0105c r\u00f3\u017cne kraje \u015bwiata przekona\u0142em si\u0119, \u017ce je\u015bli firma jest rzetelna, produkuje wyroby dobrej jako\u015bci i ma na wzgl\u0119dzie przede wszystkim zadowolenie u\u017cytkownik\u00f3w swoich wyrob\u00f3w, to z pewno\u015bci\u0105 odniesie sukces na polu mechanizacji rolnictwa. To w\u0142a\u015bnie stara\u0142em si\u0119 przekaza\u0107 moim [&hellip;]\" \/>\n<meta property=\"og:url\" content=\"https:\/\/mascar.it\/pl\/przedsirbiorstwo\/\" \/>\n<meta property=\"og:site_name\" content=\"Mascar\" \/>\n<meta property=\"article:modified_time\" content=\"2019-03-05T16:28:54+00:00\" \/>\n<meta name=\"twitter:card\" content=\"summary_large_image\" \/>\n<meta name=\"twitter:label1\" content=\"Szacowany czas czytania\" \/>\n\t<meta name=\"twitter:data1\" content=\"2 minuty\" \/>\n<script type=\"application\/ld+json\" class=\"yoast-schema-graph\">{\"@context\":\"https:\/\/schema.org\",\"@graph\":[{\"@type\":\"WebPage\",\"@id\":\"https:\/\/mascar.it\/pl\/przedsirbiorstwo\/\",\"url\":\"https:\/\/mascar.it\/pl\/przedsirbiorstwo\/\",\"name\":\"Przedsi\u0119biorstwo - manufacturer of agricultural machines - Mascar\",\"isPartOf\":{\"@id\":\"https:\/\/mascar.it\/#website\"},\"datePublished\":\"2016-07-19T15:00:30+00:00\",\"dateModified\":\"2019-03-05T16:28:54+00:00\",\"breadcrumb\":{\"@id\":\"https:\/\/mascar.it\/pl\/przedsirbiorstwo\/#breadcrumb\"},\"inLanguage\":\"pl-PL\",\"potentialAction\":[{\"@type\":\"ReadAction\",\"target\":[\"https:\/\/mascar.it\/pl\/przedsirbiorstwo\/\"]}]},{\"@type\":\"BreadcrumbList\",\"@id\":\"https:\/\/mascar.it\/pl\/przedsirbiorstwo\/#breadcrumb\",\"itemListElement\":[{\"@type\":\"ListItem\",\"position\":1,\"name\":\"Home\",\"item\":\"https:\/\/mascar.it\/pl\/\"},{\"@type\":\"ListItem\",\"position\":2,\"name\":\"Przedsi\u0119biorstwo\"}]},{\"@type\":\"WebSite\",\"@id\":\"https:\/\/mascar.it\/#website\",\"url\":\"https:\/\/mascar.it\/\",\"name\":\"Mascar\",\"description\":\"manufacturer of agricultural machines\",\"potentialAction\":[{\"@type\":\"SearchAction\",\"target\":{\"@type\":\"EntryPoint\",\"urlTemplate\":\"https:\/\/mascar.it\/?s={search_term_string}\"},\"query-input\":{\"@type\":\"PropertyValueSpecification\",\"valueRequired\":true,\"valueName\":\"search_term_string\"}}],\"inLanguage\":\"pl-PL\"}]}<\/script>\n<!-- \/ Yoast SEO plugin. -->","yoast_head_json":{"title":"Przedsi\u0119biorstwo - manufacturer of agricultural machines - Mascar","robots":{"index":"index","follow":"follow","max-snippet":"max-snippet:-1","max-image-preview":"max-image-preview:large","max-video-preview":"max-video-preview:-1"},"canonical":"https:\/\/mascar.it\/pl\/przedsirbiorstwo\/","og_locale":"pl_PL","og_type":"article","og_title":"Przedsi\u0119biorstwo - manufacturer of agricultural machines - Mascar","og_description":"Maszyny rolnicze zawsze by\u0142y moj\u0105 pasj\u0105 i w ci\u0105gu d\u0142ugich lat pracy w tej dziedzinie odwiedzaj\u0105c r\u00f3\u017cne kraje \u015bwiata przekona\u0142em si\u0119, \u017ce je\u015bli firma jest rzetelna, produkuje wyroby dobrej jako\u015bci i ma na wzgl\u0119dzie przede wszystkim zadowolenie u\u017cytkownik\u00f3w swoich wyrob\u00f3w, to z pewno\u015bci\u0105 odniesie sukces na polu mechanizacji rolnictwa. To w\u0142a\u015bnie stara\u0142em si\u0119 przekaza\u0107 moim [&hellip;]","og_url":"https:\/\/mascar.it\/pl\/przedsirbiorstwo\/","og_site_name":"Mascar","article_modified_time":"2019-03-05T16:28:54+00:00","twitter_card":"summary_large_image","twitter_misc":{"Szacowany czas czytania":"2 minuty"},"schema":{"@context":"https:\/\/schema.org","@graph":[{"@type":"WebPage","@id":"https:\/\/mascar.it\/pl\/przedsirbiorstwo\/","url":"https:\/\/mascar.it\/pl\/przedsirbiorstwo\/","name":"Przedsi\u0119biorstwo - manufacturer of agricultural machines - Mascar","isPartOf":{"@id":"https:\/\/mascar.it\/#website"},"datePublished":"2016-07-19T15:00:30+00:00","dateModified":"2019-03-05T16:28:54+00:00","breadcrumb":{"@id":"https:\/\/mascar.it\/pl\/przedsirbiorstwo\/#breadcrumb"},"inLanguage":"pl-PL","potentialAction":[{"@type":"ReadAction","target":["https:\/\/mascar.it\/pl\/przedsirbiorstwo\/"]}]},{"@type":"BreadcrumbList","@id":"https:\/\/mascar.it\/pl\/przedsirbiorstwo\/#breadcrumb","itemListElement":[{"@type":"ListItem","position":1,"name":"Home","item":"https:\/\/mascar.it\/pl\/"},{"@type":"ListItem","position":2,"name":"Przedsi\u0119biorstwo"}]},{"@type":"WebSite","@id":"https:\/\/mascar.it\/#website","url":"https:\/\/mascar.it\/","name":"Mascar","description":"manufacturer of agricultural machines","potentialAction":[{"@type":"SearchAction","target":{"@type":"EntryPoint","urlTemplate":"https:\/\/mascar.it\/?s={search_term_string}"},"query-input":{"@type":"PropertyValueSpecification","valueRequired":true,"valueName":"search_term_string"}}],"inLanguage":"pl-PL"}]}},"_links":{"self":[{"href":"https:\/\/mascar.it\/pl\/wp-json\/wp\/v2\/pages\/497"}],"collection":[{"href":"https:\/\/mascar.it\/pl\/wp-json\/wp\/v2\/pages"}],"about":[{"href":"https:\/\/mascar.it\/pl\/wp-json\/wp\/v2\/types\/page"}],"author":[{"embeddable":true,"href":"https:\/\/mascar.it\/pl\/wp-json\/wp\/v2\/users\/3"}],"replies":[{"embeddable":true,"href":"https:\/\/mascar.it\/pl\/wp-json\/wp\/v2\/comments?post=497"}],"version-history":[{"count":18,"href":"https:\/\/mascar.it\/pl\/wp-json\/wp\/v2\/pages\/497\/revisions"}],"predecessor-version":[{"id":13866,"href":"https:\/\/mascar.it\/pl\/wp-json\/wp\/v2\/pages\/497\/revisions\/13866"}],"wp:attachment":[{"href":"https:\/\/mascar.it\/pl\/wp-json\/wp\/v2\/media?parent=497"}],"curies":[{"name":"wp","href":"https:\/\/api.w.org\/{rel}","templated":true}]}}